{"id":868,"date":"2012-01-25T12:57:23","date_gmt":"2012-01-25T12:57:23","guid":{"rendered":"http:\/\/wafuneraria.com.br\/wa\/?page_id=868"},"modified":"2012-01-25T23:04:52","modified_gmt":"2012-01-25T23:04:52","slug":"teste","status":"publish","type":"page","link":"https:\/\/wafuneraria.com.br\/wa\/?page_id=868","title":{"rendered":"Urnas"},"content":{"rendered":"<p><strong>Trabalhamos com duas linhas completas de URNAS MORTU\u00c1RIAS:<\/strong><br \/>\n&#8211; <a title=\"linha Montefiori\" href=\"http:\/\/wafuneraria.com.br\/wa\/?page_id=870\" target=\"_blank\">Linha\u00a0Montefiori<\/a><br \/>\n&#8211; <a title=\"Linha Santa Rita\" href=\"http:\/\/wafuneraria.com.br\/wa\/?page_id=914\" target=\"_blank\">Linha Santa Rita<\/a>.<br \/>\nClique nos links para conhecer a linha<strong> <a title=\"linha Montefiori\" href=\"http:\/\/wafuneraria.com.br\/wa\/?page_id=870\" target=\"_blank\">Montefiori<\/a>\u00a0<\/strong>ou a linha<strong>\u00a0<a title=\"Linha Santa Rita\" href=\"http:\/\/wafuneraria.com.br\/wa\/?page_id=914\" target=\"_blank\">Santa Rita<\/a>,\u00a0<\/strong>\u00a0comercializadas pela nossa empresa.<\/p>\n<p>&nbsp;<\/p>\n<div class=\"threecol-two\">\n<div id=\"attachment_967\" style=\"width: 210px\" class=\"wp-caption alignnone\"><a title=\"MONTEFIORI\" href=\"http:\/\/wafuneraria.com.br\/wa\/?page_id=870\"><img loading=\"lazy\" decoding=\"async\" aria-describedby=\"caption-attachment-967\" class=\"size-medium wp-image-967 \" title=\"LINHA MONTEFIORI  - CLIQUE PARA VER TODA A LINHA DE URNAS MONTEFIORI\" src=\"http:\/\/wafuneraria.com.br\/wa\/wp-content\/uploads\/2012\/01\/6142-300x145.jpg\" alt=\"Linha Montefiori\" width=\"200\" height=\"97\" srcset=\"https:\/\/wafuneraria.com.br\/wa\/wp-content\/uploads\/2012\/01\/6142-300x145.jpg 300w, https:\/\/wafuneraria.com.br\/wa\/wp-content\/uploads\/2012\/01\/6142-400x194.jpg 400w, https:\/\/wafuneraria.com.br\/wa\/wp-content\/uploads\/2012\/01\/6142.jpg 800w\" sizes=\"auto, (max-width: 200px) 100vw, 200px\" \/><\/a><p id=\"caption-attachment-967\" class=\"wp-caption-text\">Clique para ver  Linha Montefiori<\/p><\/div>\n<\/div>\n<div class=\"threecol-one last\">\n<div id=\"attachment_974\" style=\"width: 210px\" class=\"wp-caption alignnone\"><a title=\"LINHA SANTA RITA\" href=\"http:\/\/wafuneraria.com.br\/wa\/?page_id=914\"><img loading=\"lazy\" decoding=\"async\" aria-describedby=\"caption-attachment-974\" class=\"size-medium wp-image-974 \" title=\"LINHA SANTA RITA - CLIQUE PARA VER TODA A LINHA DE URNAS SANTA RITA\" src=\"http:\/\/wafuneraria.com.br\/wa\/wp-content\/uploads\/2012\/01\/115-300x145.jpg\" alt=\"Linha Santa Rita\" width=\"200\" height=\"97\" \/><\/a><p id=\"caption-attachment-974\" class=\"wp-caption-text\">Clique para ver Linha Santa Rita<\/p><\/div>\n<\/div><div class=\"clear\"><\/div>\n<p>&nbsp;<\/p>\n","protected":false},"excerpt":{"rendered":"<p>Trabalhamos com duas linhas completas de URNAS MORTU\u00c1RIAS: &#8211; Linha\u00a0Montefiori &#8211; Linha Santa Rita. Clique nos links para conhecer a linha Montefiori\u00a0ou a linha\u00a0Santa Rita,\u00a0\u00a0comercializadas pela nossa empresa. &nbsp; &nbsp;<\/p>\n","protected":false},"author":1,"featured_media":0,"parent":0,"menu_order":2,"comment_status":"open","ping_status":"closed","template":"","meta":{"footnotes":""},"class_list":["post-868","page","type-page","status-publish","hentry"],"yoast_head":"<!-- This site is optimized with the Yoast SEO plugin v24.2 - https:\/\/yoast.com\/wordpress\/plugins\/seo\/ -->\n<title>Funer\u00e1ria WA - Servi\u00e7os Funer\u00e1rios - S\u00e3o Paulo - Brasil<\/title>\n<meta name=\"description\" content=\"Servi\u00e7os funer\u00e1rios em S\u00e3o Paulo com Planos de Assist\u00eancia Funer\u00e1ria. Prestamos servi\u00e7os funer\u00e1rios de remo\u00e7\u00e3o ou traslados para outras empresas funer\u00e1rias especialmente na Cidade de S\u00e3o Paulo, al\u00e9m de traslados nacionais e internacionais.\" \/>\n<meta name=\"robots\" content=\"index, follow, max-snippet:-1, max-image-preview:large, max-video-preview:-1\" \/>\n<link rel=\"canonical\" href=\"https:\/\/wafuneraria.com.br\/wa\/?page_id=868\" \/>\n<meta property=\"og:locale\" content=\"pt_BR\" \/>\n<meta property=\"og:type\" content=\"article\" \/>\n<meta property=\"og:title\" content=\"Funer\u00e1ria WA - Servi\u00e7os Funer\u00e1rios - S\u00e3o Paulo - Brasil\" \/>\n<meta property=\"og:description\" content=\"Servi\u00e7os funer\u00e1rios em S\u00e3o Paulo com Planos de Assist\u00eancia Funer\u00e1ria. Prestamos servi\u00e7os funer\u00e1rios de remo\u00e7\u00e3o ou traslados para outras empresas funer\u00e1rias especialmente na Cidade de S\u00e3o Paulo, al\u00e9m de traslados nacionais e internacionais.\" \/>\n<meta property=\"og:url\" content=\"https:\/\/wafuneraria.com.br\/wa\/?page_id=868\" \/>\n<meta property=\"og:site_name\" content=\"WA FUNERARIA: parceria em servi\u00e7os funer\u00e1rios em SP.\" \/>\n<meta property=\"article:modified_time\" content=\"2012-01-25T23:04:52+00:00\" \/>\n<meta property=\"og:image\" content=\"http:\/\/wafuneraria.com.br\/wa\/wp-content\/uploads\/2012\/01\/6142-300x145.jpg\" \/>\n<script type=\"application\/ld+json\" class=\"yoast-schema-graph\">{\"@context\":\"https:\/\/schema.org\",\"@graph\":[{\"@type\":\"WebPage\",\"@id\":\"https:\/\/wafuneraria.com.br\/wa\/?page_id=868\",\"url\":\"https:\/\/wafuneraria.com.br\/wa\/?page_id=868\",\"name\":\"Funer\u00e1ria WA - Servi\u00e7os Funer\u00e1rios - S\u00e3o Paulo - Brasil\",\"isPartOf\":{\"@id\":\"https:\/\/wafuneraria.com.br\/wa\/#website\"},\"primaryImageOfPage\":{\"@id\":\"https:\/\/wafuneraria.com.br\/wa\/?page_id=868#primaryimage\"},\"image\":{\"@id\":\"https:\/\/wafuneraria.com.br\/wa\/?page_id=868#primaryimage\"},\"thumbnailUrl\":\"http:\/\/wafuneraria.com.br\/wa\/wp-content\/uploads\/2012\/01\/6142-300x145.jpg\",\"datePublished\":\"2012-01-25T12:57:23+00:00\",\"dateModified\":\"2012-01-25T23:04:52+00:00\",\"description\":\"Servi\u00e7os funer\u00e1rios em S\u00e3o Paulo com Planos de Assist\u00eancia Funer\u00e1ria. Prestamos servi\u00e7os funer\u00e1rios de remo\u00e7\u00e3o ou traslados para outras empresas funer\u00e1rias especialmente na Cidade de S\u00e3o Paulo, al\u00e9m de traslados nacionais e internacionais.\",\"breadcrumb\":{\"@id\":\"https:\/\/wafuneraria.com.br\/wa\/?page_id=868#breadcrumb\"},\"inLanguage\":\"pt-BR\",\"potentialAction\":[{\"@type\":\"ReadAction\",\"target\":[\"https:\/\/wafuneraria.com.br\/wa\/?page_id=868\"]}]},{\"@type\":\"ImageObject\",\"inLanguage\":\"pt-BR\",\"@id\":\"https:\/\/wafuneraria.com.br\/wa\/?page_id=868#primaryimage\",\"url\":\"https:\/\/wafuneraria.com.br\/wa\/wp-content\/uploads\/2012\/01\/6142.jpg\",\"contentUrl\":\"https:\/\/wafuneraria.com.br\/wa\/wp-content\/uploads\/2012\/01\/6142.jpg\",\"width\":\"800\",\"height\":\"389\"},{\"@type\":\"BreadcrumbList\",\"@id\":\"https:\/\/wafuneraria.com.br\/wa\/?page_id=868#breadcrumb\",\"itemListElement\":[{\"@type\":\"ListItem\",\"position\":1,\"name\":\"Home\",\"item\":\"https:\/\/wafuneraria.com.br\/wa\"},{\"@type\":\"ListItem\",\"position\":2,\"name\":\"Urnas\"}]},{\"@type\":\"WebSite\",\"@id\":\"https:\/\/wafuneraria.com.br\/wa\/#website\",\"url\":\"https:\/\/wafuneraria.com.br\/wa\/\",\"name\":\"WA FUNERARIA: parceria em servi\u00e7os funer\u00e1rios em SP.\",\"description\":\"Empresa de Servi\u00e7os Funer\u00e1rios - SP - BRAZIL\",\"potentialAction\":[{\"@type\":\"SearchAction\",\"target\":{\"@type\":\"EntryPoint\",\"urlTemplate\":\"https:\/\/wafuneraria.com.br\/wa\/?s={search_term_string}\"},\"query-input\":{\"@type\":\"PropertyValueSpecification\",\"valueRequired\":true,\"valueName\":\"search_term_string\"}}],\"inLanguage\":\"pt-BR\"}]}<\/script>\n<!-- \/ Yoast SEO plugin. -->","yoast_head_json":{"title":"Funer\u00e1ria WA - Servi\u00e7os Funer\u00e1rios - S\u00e3o Paulo - Brasil","description":"Servi\u00e7os funer\u00e1rios em S\u00e3o Paulo com Planos de Assist\u00eancia Funer\u00e1ria. Prestamos servi\u00e7os funer\u00e1rios de remo\u00e7\u00e3o ou traslados para outras empresas funer\u00e1rias especialmente na Cidade de S\u00e3o Paulo, al\u00e9m de traslados nacionais e internacionais.","robots":{"index":"index","follow":"follow","max-snippet":"max-snippet:-1","max-image-preview":"max-image-preview:large","max-video-preview":"max-video-preview:-1"},"canonical":"https:\/\/wafuneraria.com.br\/wa\/?page_id=868","og_locale":"pt_BR","og_type":"article","og_title":"Funer\u00e1ria WA - Servi\u00e7os Funer\u00e1rios - S\u00e3o Paulo - Brasil","og_description":"Servi\u00e7os funer\u00e1rios em S\u00e3o Paulo com Planos de Assist\u00eancia Funer\u00e1ria. Prestamos servi\u00e7os funer\u00e1rios de remo\u00e7\u00e3o ou traslados para outras empresas funer\u00e1rias especialmente na Cidade de S\u00e3o Paulo, al\u00e9m de traslados nacionais e internacionais.","og_url":"https:\/\/wafuneraria.com.br\/wa\/?page_id=868","og_site_name":"WA FUNERARIA: parceria em servi\u00e7os funer\u00e1rios em SP.","article_modified_time":"2012-01-25T23:04:52+00:00","og_image":[{"url":"http:\/\/wafuneraria.com.br\/wa\/wp-content\/uploads\/2012\/01\/6142-300x145.jpg","type":"","width":"","height":""}],"schema":{"@context":"https:\/\/schema.org","@graph":[{"@type":"WebPage","@id":"https:\/\/wafuneraria.com.br\/wa\/?page_id=868","url":"https:\/\/wafuneraria.com.br\/wa\/?page_id=868","name":"Funer\u00e1ria WA - Servi\u00e7os Funer\u00e1rios - S\u00e3o Paulo - Brasil","isPartOf":{"@id":"https:\/\/wafuneraria.com.br\/wa\/#website"},"primaryImageOfPage":{"@id":"https:\/\/wafuneraria.com.br\/wa\/?page_id=868#primaryimage"},"image":{"@id":"https:\/\/wafuneraria.com.br\/wa\/?page_id=868#primaryimage"},"thumbnailUrl":"http:\/\/wafuneraria.com.br\/wa\/wp-content\/uploads\/2012\/01\/6142-300x145.jpg","datePublished":"2012-01-25T12:57:23+00:00","dateModified":"2012-01-25T23:04:52+00:00","description":"Servi\u00e7os funer\u00e1rios em S\u00e3o Paulo com Planos de Assist\u00eancia Funer\u00e1ria. Prestamos servi\u00e7os funer\u00e1rios de remo\u00e7\u00e3o ou traslados para outras empresas funer\u00e1rias especialmente na Cidade de S\u00e3o Paulo, al\u00e9m de traslados nacionais e internacionais.","breadcrumb":{"@id":"https:\/\/wafuneraria.com.br\/wa\/?page_id=868#breadcrumb"},"inLanguage":"pt-BR","potentialAction":[{"@type":"ReadAction","target":["https:\/\/wafuneraria.com.br\/wa\/?page_id=868"]}]},{"@type":"ImageObject","inLanguage":"pt-BR","@id":"https:\/\/wafuneraria.com.br\/wa\/?page_id=868#primaryimage","url":"https:\/\/wafuneraria.com.br\/wa\/wp-content\/uploads\/2012\/01\/6142.jpg","contentUrl":"https:\/\/wafuneraria.com.br\/wa\/wp-content\/uploads\/2012\/01\/6142.jpg","width":"800","height":"389"},{"@type":"BreadcrumbList","@id":"https:\/\/wafuneraria.com.br\/wa\/?page_id=868#breadcrumb","itemListElement":[{"@type":"ListItem","position":1,"name":"Home","item":"https:\/\/wafuneraria.com.br\/wa"},{"@type":"ListItem","position":2,"name":"Urnas"}]},{"@type":"WebSite","@id":"https:\/\/wafuneraria.com.br\/wa\/#website","url":"https:\/\/wafuneraria.com.br\/wa\/","name":"WA FUNERARIA: parceria em servi\u00e7os funer\u00e1rios em SP.","description":"Empresa de Servi\u00e7os Funer\u00e1rios - SP - BRAZIL","potentialAction":[{"@type":"SearchAction","target":{"@type":"EntryPoint","urlTemplate":"https:\/\/wafuneraria.com.br\/wa\/?s={search_term_string}"},"query-input":{"@type":"PropertyValueSpecification","valueRequired":true,"valueName":"search_term_string"}}],"inLanguage":"pt-BR"}]}},"_links":{"self":[{"href":"https:\/\/wafuneraria.com.br\/wa\/index.php?rest_route=\/wp\/v2\/pages\/868","targetHints":{"allow":["GET"]}}],"collection":[{"href":"https:\/\/wafuneraria.com.br\/wa\/index.php?rest_route=\/wp\/v2\/pages"}],"about":[{"href":"https:\/\/wafuneraria.com.br\/wa\/index.php?rest_route=\/wp\/v2\/types\/page"}],"author":[{"embeddable":true,"href":"https:\/\/wafuneraria.com.br\/wa\/index.php?rest_route=\/wp\/v2\/users\/1"}],"replies":[{"embeddable":true,"href":"https:\/\/wafuneraria.com.br\/wa\/index.php?rest_route=%2Fwp%2Fv2%2Fcomments&post=868"}],"version-history":[{"count":34,"href":"https:\/\/wafuneraria.com.br\/wa\/index.php?rest_route=\/wp\/v2\/pages\/868\/revisions"}],"predecessor-version":[{"id":944,"href":"https:\/\/wafuneraria.com.br\/wa\/index.php?rest_route=\/wp\/v2\/pages\/868\/revisions\/944"}],"wp:attachment":[{"href":"https:\/\/wafuneraria.com.br\/wa\/index.php?rest_route=%2Fwp%2Fv2%2Fmedia&parent=868"}],"curies":[{"name":"wp","href":"https:\/\/api.w.org\/{rel}","templated":true}]}}