{"id":79,"date":"2011-12-05T20:38:39","date_gmt":"2011-12-05T20:38:39","guid":{"rendered":"http:\/\/wafuneraria.com.br\/wa\/?page_id=79"},"modified":"2017-05-29T16:00:47","modified_gmt":"2017-05-29T16:00:47","slug":"79-2","status":"publish","type":"page","link":"https:\/\/wafuneraria.com.br\/wa\/?page_id=79","title":{"rendered":"Plano Standard &#8211; Tulipa"},"content":{"rendered":"<p>Disponibilizamos <strong>servi\u00e7os funer\u00e1rios para S\u00e3o Paulo<\/strong> e <strong>traslados para todo o Brasil<\/strong>.<br \/>\n<span style=\"color: #ff0000;\"><strong>Comercializamos planos funer\u00e1rios apenas na cidade de Rio Claro e Regi\u00e3o (SP).<\/strong><\/span><\/p>\n<hr \/>\n<p><a href=\"http:\/\/wafuneraria.com.br\/wa\/wp-content\/uploads\/2011\/12\/tulipa.jpg\" target=\"_blank\" rel=\"noopener noreferrer\" data-rel=\"lightbox-image-0\" data-rl_title=\"\" data-rl_caption=\"\"><img loading=\"lazy\" decoding=\"async\" class=\"alignleft wp-image-249 size-full\" title=\"\" src=\"http:\/\/wafuneraria.com.br\/wa\/wp-content\/uploads\/2011\/12\/tulipa.jpg\" alt=\"Plano Funer\u00e1rio SP\" width=\"300\" height=\"283\" \/><\/a>O Plano de Assist\u00eancia Funer\u00e1ria <strong>\u00a0 PLANO STANDARD \u00a0&#8211; \u00a0TULIPA<\/strong> , \u00a0tem a qualidade de atendimento assegurada pelo <strong><a title=\"Conhe\u00e7a mais sobre o Grupo WA\" href=\"http:\/\/wafuneraria.com.br\/wa\/?page_id=2\" target=\"_blank\" rel=\"noopener noreferrer\">Grupo WA<\/a><\/strong>: \u00a0fornecendo atendimento de qualidade e servi\u00e7os funer\u00e1rios completos no momento que a sua fam\u00edlia \u00a0mais precisa de assist\u00eancia.<\/p>\n<p>O <strong>PLANO STANDART \u00a0&#8211; \u00a0TULIPA<\/strong><strong>\u00a0<\/strong>oferece o maior custo benef\u00edcio do segmento, pode ser composto \u00a0por at\u00e9 10 (dez) pessoas (incluindo o titular).<br \/>\n<a href=\"http:\/\/wafuneraria.com.br\/wa\/fale-conosco\/\">Clique para solicitar\u00a0informa\u00e7\u00e3o da mensalidade\u00a0deste plano<\/a>.<\/p>\n<p>&nbsp;<\/p>\n<p><span style=\"color: #ff6600;\"><strong>Confira abaixo os benef\u00edcios do PLANO STANDARD TULIPA\u00a0:<\/strong><\/span><\/p>\n<div class=\"shortcode-unorderedlist star\">\n<ul>\n<li>URNA MORTU\u00c1RIA PADR\u00c3O <strong>STANDARD<\/strong><\/li>\n<li>ORNAMENTA\u00c7\u00c3O DA URNA COM FLORES NATURAIS<\/li>\n<li>V\u00c9U<\/li>\n<li>HIGIENIZA\u00c7\u00c3O DO CORPO<\/li>\n<li>LIBERA\u00c7\u00c3O E DOCUMENTA\u00c7\u00c3O<\/li>\n<li>REMO\u00c7\u00c3O DO LOCAL DO FALECIMENTO AT\u00c9 O VEL\u00d3RIO<\/li>\n<li>CORTEJO (VELORIO AT\u00c9 O SEPULTAMENTO)<\/li>\n<li>KIT CAF\u00c9\/CH\u00c1<\/li>\n<li>RECLAME EM JORNAIS OU R\u00c1DIOS<\/li>\n<li>ASSIST\u00caNCIA \u00c0 FAM\u00cdLIA 24 HORAS<\/li>\n<li>PARAMENTA\u00c7\u00c3O DO VEL\u00d3RIO<\/li>\n<li>TRASLADO DE AT\u00c9 100 KM (IDA E VOLTA)<\/li>\n<\/ul>\n<p><\/div>\n<br \/>\n<span class=\"shortcode-highlight\">NO MOMENTO COMERCIAMOS PLANOS DE ASSIST\u00caNCIA FUNER\u00c1RIA APENAS PARA O INTERIOR DE S\u00c3O PAULO<\/span><!--\/.shortcode-highlight--><\/p>\n<p><strong>SAIBA MAIS:<\/strong><\/p>\n<p><strong>DA CAR\u00caNCIA<\/strong>: 90 (noventa) dias, a partir da assinatura do contrato.<\/p>\n<p><strong>PAGAMENTO<\/strong>: Custo mensal, atrav\u00e9s de Boleto Banc\u00e1rio, que pode ser pago em casas lot\u00e9ricas ou em nossos escrit\u00f3rios.<\/p>\n<p><strong>TAXA DE ADES\u00c3O<\/strong>: recolhidos no ato da\u00a0assinatura\u00a0do contrato.<\/p>\n<p><strong>DOCUMENTOS NECESS\u00c1RIOS<\/strong>: c\u00f3pia do RG, CPF e comprovante de endere\u00e7o do Titular.<\/p>\n<p><strong>REDE DE DESCONTOS<\/strong>: A <strong><a title=\"wafuneraria@terra.com.br\" href=\"wafuneraria@terra.com.br\">WA Funer\u00e1ria<\/a><\/strong> oferece ainda a todos os associados dos planos &#8211; todos os padr\u00f5es &#8211; conv\u00eanio para descontos no com\u00e9rcio nas Cidades de Rio Claro e regi\u00e3o.<\/p>\n<p><strong>APOIO AO ASSOCIADO CONVALESCENTE<\/strong>: Todos os nossos associados t\u00eam acesso a empr\u00e9stimo de material para convalescentes, ( Muletas, bengalas, andadores, cadeiras de rodas e cadeiras de banho) com per\u00edodo pr\u00e9-definido.<\/p>\n<p><a href=\"http:\/\/wafuneraria.com.br\/wa\/?page_id=115\">Clique aqui<\/a> se precisar de mais informa\u00e7\u00f5es sobre o plano.<\/p>\n<p><a href=\"http:\/\/wafuneraria.com.br\/wa\/?page_id=120\">Clique aqui e preencha o cadastro<\/a> e adquira hoje mesmo pelo site o seu plano de assist\u00eancia funer\u00e1ria WA, padr\u00e3o <strong>STANDARD\u00a0<\/strong><strong><strong>TULIPA<\/strong><\/strong>: o plano na medida certa para as fam\u00edlias de S\u00e3o Paulo.<\/p>\n<a href=\"http:\/\/wafuneraria.com.br\/wa\/?page_id=120\" class=\"woo-sc-button  custom\" style=\"background:;border-color:\"><span class=\"woo-\">ADQUIRA SEU PLANO HOJE MESMO<\/span><\/a>\n<p>&nbsp;<\/p>\n","protected":false},"excerpt":{"rendered":"<p>Disponibilizamos servi\u00e7os funer\u00e1rios para S\u00e3o Paulo e traslados para todo o Brasil. Comercializamos planos funer\u00e1rios apenas na cidade de Rio Claro e Regi\u00e3o (SP). O Plano de Assist\u00eancia Funer\u00e1ria \u00a0 PLANO STANDARD \u00a0&#8211; \u00a0TULIPA , \u00a0tem a qualidade de atendimento assegurada pelo Grupo WA: \u00a0fornecendo atendimento de qualidade e servi\u00e7os funer\u00e1rios completos no momento que [&hellip;]<\/p>\n","protected":false},"author":1,"featured_media":249,"parent":49,"menu_order":0,"comment_status":"open","ping_status":"open","template":"","meta":{"footnotes":""},"class_list":["post-79","page","type-page","status-publish","has-post-thumbnail","hentry"],"yoast_head":"<!-- This site is optimized with the Yoast SEO plugin v24.2 - https:\/\/yoast.com\/wordpress\/plugins\/seo\/ -->\n<title>Funer\u00e1ria WA - Servi\u00e7os Funer\u00e1rios - S\u00e3o Paulo - Brasil<\/title>\n<meta name=\"description\" content=\"Servi\u00e7os funer\u00e1rios em S\u00e3o Paulo com Planos de Assist\u00eancia Funer\u00e1ria. Prestamos servi\u00e7os funer\u00e1rios de remo\u00e7\u00e3o ou traslados para outras empresas funer\u00e1rias especialmente na Cidade de S\u00e3o Paulo, al\u00e9m de traslados nacionais e internacionais.\" \/>\n<meta name=\"robots\" content=\"index, follow, max-snippet:-1, max-image-preview:large, max-video-preview:-1\" \/>\n<link rel=\"canonical\" href=\"https:\/\/wafuneraria.com.br\/wa\/?page_id=79\" \/>\n<meta property=\"og:locale\" content=\"pt_BR\" \/>\n<meta property=\"og:type\" content=\"article\" \/>\n<meta property=\"og:title\" content=\"Funer\u00e1ria WA - Servi\u00e7os Funer\u00e1rios - S\u00e3o Paulo - Brasil\" \/>\n<meta property=\"og:description\" content=\"Servi\u00e7os funer\u00e1rios em S\u00e3o Paulo com Planos de Assist\u00eancia Funer\u00e1ria. Prestamos servi\u00e7os funer\u00e1rios de remo\u00e7\u00e3o ou traslados para outras empresas funer\u00e1rias especialmente na Cidade de S\u00e3o Paulo, al\u00e9m de traslados nacionais e internacionais.\" \/>\n<meta property=\"og:url\" content=\"https:\/\/wafuneraria.com.br\/wa\/?page_id=79\" \/>\n<meta property=\"og:site_name\" content=\"WA FUNERARIA: parceria em servi\u00e7os funer\u00e1rios em SP.\" \/>\n<meta property=\"article:modified_time\" content=\"2017-05-29T16:00:47+00:00\" \/>\n<meta property=\"og:image\" content=\"https:\/\/wafuneraria.com.br\/wa\/wp-content\/uploads\/2011\/12\/tulipa.jpg\" \/>\n\t<meta property=\"og:image:width\" content=\"300\" \/>\n\t<meta property=\"og:image:height\" content=\"283\" \/>\n\t<meta property=\"og:image:type\" content=\"image\/jpeg\" \/>\n<meta name=\"twitter:label1\" content=\"Est. tempo de leitura\" \/>\n\t<meta name=\"twitter:data1\" content=\"2 minutos\" \/>\n<script type=\"application\/ld+json\" class=\"yoast-schema-graph\">{\"@context\":\"https:\/\/schema.org\",\"@graph\":[{\"@type\":\"WebPage\",\"@id\":\"https:\/\/wafuneraria.com.br\/wa\/?page_id=79\",\"url\":\"https:\/\/wafuneraria.com.br\/wa\/?page_id=79\",\"name\":\"Funer\u00e1ria WA - Servi\u00e7os Funer\u00e1rios - S\u00e3o Paulo - Brasil\",\"isPartOf\":{\"@id\":\"https:\/\/wafuneraria.com.br\/wa\/#website\"},\"primaryImageOfPage\":{\"@id\":\"https:\/\/wafuneraria.com.br\/wa\/?page_id=79#primaryimage\"},\"image\":{\"@id\":\"https:\/\/wafuneraria.com.br\/wa\/?page_id=79#primaryimage\"},\"thumbnailUrl\":\"https:\/\/wafuneraria.com.br\/wa\/wp-content\/uploads\/2011\/12\/tulipa.jpg\",\"datePublished\":\"2011-12-05T20:38:39+00:00\",\"dateModified\":\"2017-05-29T16:00:47+00:00\",\"description\":\"Servi\u00e7os funer\u00e1rios em S\u00e3o Paulo com Planos de Assist\u00eancia Funer\u00e1ria. Prestamos servi\u00e7os funer\u00e1rios de remo\u00e7\u00e3o ou traslados para outras empresas funer\u00e1rias especialmente na Cidade de S\u00e3o Paulo, al\u00e9m de traslados nacionais e internacionais.\",\"breadcrumb\":{\"@id\":\"https:\/\/wafuneraria.com.br\/wa\/?page_id=79#breadcrumb\"},\"inLanguage\":\"pt-BR\",\"potentialAction\":[{\"@type\":\"ReadAction\",\"target\":[\"https:\/\/wafuneraria.com.br\/wa\/?page_id=79\"]}]},{\"@type\":\"ImageObject\",\"inLanguage\":\"pt-BR\",\"@id\":\"https:\/\/wafuneraria.com.br\/wa\/?page_id=79#primaryimage\",\"url\":\"https:\/\/wafuneraria.com.br\/wa\/wp-content\/uploads\/2011\/12\/tulipa.jpg\",\"contentUrl\":\"https:\/\/wafuneraria.com.br\/wa\/wp-content\/uploads\/2011\/12\/tulipa.jpg\",\"width\":\"300\",\"height\":\"283\"},{\"@type\":\"BreadcrumbList\",\"@id\":\"https:\/\/wafuneraria.com.br\/wa\/?page_id=79#breadcrumb\",\"itemListElement\":[{\"@type\":\"ListItem\",\"position\":1,\"name\":\"Home\",\"item\":\"https:\/\/wafuneraria.com.br\/wa\"},{\"@type\":\"ListItem\",\"position\":2,\"name\":\"Planos\",\"item\":\"https:\/\/wafuneraria.com.br\/wa\/?page_id=49\"},{\"@type\":\"ListItem\",\"position\":3,\"name\":\"Plano Standard &#8211; Tulipa\"}]},{\"@type\":\"WebSite\",\"@id\":\"https:\/\/wafuneraria.com.br\/wa\/#website\",\"url\":\"https:\/\/wafuneraria.com.br\/wa\/\",\"name\":\"WA FUNERARIA: parceria em servi\u00e7os funer\u00e1rios em SP.\",\"description\":\"Empresa de Servi\u00e7os Funer\u00e1rios - SP - BRAZIL\",\"potentialAction\":[{\"@type\":\"SearchAction\",\"target\":{\"@type\":\"EntryPoint\",\"urlTemplate\":\"https:\/\/wafuneraria.com.br\/wa\/?s={search_term_string}\"},\"query-input\":{\"@type\":\"PropertyValueSpecification\",\"valueRequired\":true,\"valueName\":\"search_term_string\"}}],\"inLanguage\":\"pt-BR\"}]}<\/script>\n<!-- \/ Yoast SEO plugin. -->","yoast_head_json":{"title":"Funer\u00e1ria WA - Servi\u00e7os Funer\u00e1rios - S\u00e3o Paulo - Brasil","description":"Servi\u00e7os funer\u00e1rios em S\u00e3o Paulo com Planos de Assist\u00eancia Funer\u00e1ria. Prestamos servi\u00e7os funer\u00e1rios de remo\u00e7\u00e3o ou traslados para outras empresas funer\u00e1rias especialmente na Cidade de S\u00e3o Paulo, al\u00e9m de traslados nacionais e internacionais.","robots":{"index":"index","follow":"follow","max-snippet":"max-snippet:-1","max-image-preview":"max-image-preview:large","max-video-preview":"max-video-preview:-1"},"canonical":"https:\/\/wafuneraria.com.br\/wa\/?page_id=79","og_locale":"pt_BR","og_type":"article","og_title":"Funer\u00e1ria WA - Servi\u00e7os Funer\u00e1rios - S\u00e3o Paulo - Brasil","og_description":"Servi\u00e7os funer\u00e1rios em S\u00e3o Paulo com Planos de Assist\u00eancia Funer\u00e1ria. Prestamos servi\u00e7os funer\u00e1rios de remo\u00e7\u00e3o ou traslados para outras empresas funer\u00e1rias especialmente na Cidade de S\u00e3o Paulo, al\u00e9m de traslados nacionais e internacionais.","og_url":"https:\/\/wafuneraria.com.br\/wa\/?page_id=79","og_site_name":"WA FUNERARIA: parceria em servi\u00e7os funer\u00e1rios em SP.","article_modified_time":"2017-05-29T16:00:47+00:00","og_image":[{"width":300,"height":283,"url":"https:\/\/wafuneraria.com.br\/wa\/wp-content\/uploads\/2011\/12\/tulipa.jpg","type":"image\/jpeg"}],"twitter_misc":{"Est. tempo de leitura":"2 minutos"},"schema":{"@context":"https:\/\/schema.org","@graph":[{"@type":"WebPage","@id":"https:\/\/wafuneraria.com.br\/wa\/?page_id=79","url":"https:\/\/wafuneraria.com.br\/wa\/?page_id=79","name":"Funer\u00e1ria WA - Servi\u00e7os Funer\u00e1rios - S\u00e3o Paulo - Brasil","isPartOf":{"@id":"https:\/\/wafuneraria.com.br\/wa\/#website"},"primaryImageOfPage":{"@id":"https:\/\/wafuneraria.com.br\/wa\/?page_id=79#primaryimage"},"image":{"@id":"https:\/\/wafuneraria.com.br\/wa\/?page_id=79#primaryimage"},"thumbnailUrl":"https:\/\/wafuneraria.com.br\/wa\/wp-content\/uploads\/2011\/12\/tulipa.jpg","datePublished":"2011-12-05T20:38:39+00:00","dateModified":"2017-05-29T16:00:47+00:00","description":"Servi\u00e7os funer\u00e1rios em S\u00e3o Paulo com Planos de Assist\u00eancia Funer\u00e1ria. Prestamos servi\u00e7os funer\u00e1rios de remo\u00e7\u00e3o ou traslados para outras empresas funer\u00e1rias especialmente na Cidade de S\u00e3o Paulo, al\u00e9m de traslados nacionais e internacionais.","breadcrumb":{"@id":"https:\/\/wafuneraria.com.br\/wa\/?page_id=79#breadcrumb"},"inLanguage":"pt-BR","potentialAction":[{"@type":"ReadAction","target":["https:\/\/wafuneraria.com.br\/wa\/?page_id=79"]}]},{"@type":"ImageObject","inLanguage":"pt-BR","@id":"https:\/\/wafuneraria.com.br\/wa\/?page_id=79#primaryimage","url":"https:\/\/wafuneraria.com.br\/wa\/wp-content\/uploads\/2011\/12\/tulipa.jpg","contentUrl":"https:\/\/wafuneraria.com.br\/wa\/wp-content\/uploads\/2011\/12\/tulipa.jpg","width":"300","height":"283"},{"@type":"BreadcrumbList","@id":"https:\/\/wafuneraria.com.br\/wa\/?page_id=79#breadcrumb","itemListElement":[{"@type":"ListItem","position":1,"name":"Home","item":"https:\/\/wafuneraria.com.br\/wa"},{"@type":"ListItem","position":2,"name":"Planos","item":"https:\/\/wafuneraria.com.br\/wa\/?page_id=49"},{"@type":"ListItem","position":3,"name":"Plano Standard &#8211; Tulipa"}]},{"@type":"WebSite","@id":"https:\/\/wafuneraria.com.br\/wa\/#website","url":"https:\/\/wafuneraria.com.br\/wa\/","name":"WA FUNERARIA: parceria em servi\u00e7os funer\u00e1rios em SP.","description":"Empresa de Servi\u00e7os Funer\u00e1rios - SP - BRAZIL","potentialAction":[{"@type":"SearchAction","target":{"@type":"EntryPoint","urlTemplate":"https:\/\/wafuneraria.com.br\/wa\/?s={search_term_string}"},"query-input":{"@type":"PropertyValueSpecification","valueRequired":true,"valueName":"search_term_string"}}],"inLanguage":"pt-BR"}]}},"_links":{"self":[{"href":"https:\/\/wafuneraria.com.br\/wa\/index.php?rest_route=\/wp\/v2\/pages\/79","targetHints":{"allow":["GET"]}}],"collection":[{"href":"https:\/\/wafuneraria.com.br\/wa\/index.php?rest_route=\/wp\/v2\/pages"}],"about":[{"href":"https:\/\/wafuneraria.com.br\/wa\/index.php?rest_route=\/wp\/v2\/types\/page"}],"author":[{"embeddable":true,"href":"https:\/\/wafuneraria.com.br\/wa\/index.php?rest_route=\/wp\/v2\/users\/1"}],"replies":[{"embeddable":true,"href":"https:\/\/wafuneraria.com.br\/wa\/index.php?rest_route=%2Fwp%2Fv2%2Fcomments&post=79"}],"version-history":[{"count":33,"href":"https:\/\/wafuneraria.com.br\/wa\/index.php?rest_route=\/wp\/v2\/pages\/79\/revisions"}],"predecessor-version":[{"id":2200,"href":"https:\/\/wafuneraria.com.br\/wa\/index.php?rest_route=\/wp\/v2\/pages\/79\/revisions\/2200"}],"up":[{"embeddable":true,"href":"https:\/\/wafuneraria.com.br\/wa\/index.php?rest_route=\/wp\/v2\/pages\/49"}],"wp:featuredmedia":[{"embeddable":true,"href":"https:\/\/wafuneraria.com.br\/wa\/index.php?rest_route=\/wp\/v2\/media\/249"}],"wp:attachment":[{"href":"https:\/\/wafuneraria.com.br\/wa\/index.php?rest_route=%2Fwp%2Fv2%2Fmedia&parent=79"}],"curies":[{"name":"wp","href":"https:\/\/api.w.org\/{rel}","templated":true}]}}