{"id":49,"date":"2011-12-05T16:56:37","date_gmt":"2011-12-05T16:56:37","guid":{"rendered":"http:\/\/wafuneraria.com.br\/wa\/?page_id=49"},"modified":"2017-05-29T15:49:35","modified_gmt":"2017-05-29T15:49:35","slug":"planos-funerarios","status":"publish","type":"page","link":"https:\/\/wafuneraria.com.br\/wa\/?page_id=49","title":{"rendered":"Planos"},"content":{"rendered":"<p>&#8211; <span style=\"color: #ff0000;\">Comercializamos planos funer\u00e1rios <strong>apenas na cidade de Rio Claro e Regi\u00e3o<\/strong> (SP)<br \/>\n<\/span>&#8211; Disponibilizamos servi\u00e7os funer\u00e1rios para S\u00e3o Paulo e traslados para todo o Brasil.<\/p>\n<p><a href=\"http:\/\/wafuneraria.com.br\/wa\/wp-content\/uploads\/2011\/12\/0011.jpg\" data-rel=\"lightbox-image-0\" data-rl_title=\"\" data-rl_caption=\"\"><img loading=\"lazy\" decoding=\"async\" class=\"size-medium wp-image-773 alignleft\" title=\"\" src=\"http:\/\/wafuneraria.com.br\/wa\/wp-content\/uploads\/2011\/12\/0011-300x209.jpg\" alt=\"\" width=\"300\" height=\"209\" srcset=\"https:\/\/wafuneraria.com.br\/wa\/wp-content\/uploads\/2011\/12\/0011-300x209.jpg 300w, https:\/\/wafuneraria.com.br\/wa\/wp-content\/uploads\/2011\/12\/0011.jpg 462w\" sizes=\"auto, (max-width: 300px) 100vw, 300px\" \/><\/a><br \/>\n<div class=\"shortcode-unorderedlist star\"><\/p>\n<ul>\n<li><a title=\"PLANO STANDART\" href=\"http:\/\/wafuneraria.com.br\/wa\/?page_id=79\">PLANO TULIPA &#8211; Standart<\/a><\/li>\n<li><a title=\"SEMI LUXO\" href=\"http:\/\/wafuneraria.com.br\/wa\/?page_id=90\">PLANO G\u00c9RGEBRA \u00a0&#8211; Luxo)<\/a><\/li>\n<li><a title=\"PLANO LUXO\" href=\"http:\/\/wafuneraria.com.br\/wa\/?page_id=102\">PLANO ORQU\u00cdDEA &#8211; Super Luxo<\/a><\/li>\n<\/ul>\n<p><\/div>\n<\/p>\n<p>Servi\u00e7os funer\u00e1rios completos, oferecendo Traslados de S\u00e3o Paulo para todo territ\u00f3rio nacional com o menor valor do mercado, al\u00e9m de\u00a0\u00a0Planos de Assist\u00eancia Funer\u00e1ria elaborados para atender com qualidade fam\u00edlias e empresas.<\/p>\n<p>WA FUNER\u00c1RIA: porque tranquilidade \u00e9 fundamental em momentos dif\u00edceis.<br \/>\n<a title=\"Adquira seu Plano\" href=\"http:\/\/wafuneraria.com.br\/wa\/?page_id=120\" target=\"_blank\" rel=\"noopener noreferrer\">Adquira seu \u00a0Plano<\/a> . <a title=\"Conhe\u00e7a os nossos servi\u00e7os\" href=\"http:\/\/wafuneraria.com.br\/wa\/?page_id=4\" target=\"_blank\" rel=\"noopener noreferrer\">Conhe\u00e7a nossos servi\u00e7os<\/a> . <a title=\"Fale conosco\" href=\"http:\/\/wafuneraria.com.br\/wa\/?page_id=115\" target=\"_blank\" rel=\"noopener noreferrer\">Fale conosco<\/a><\/p>\n<p>&nbsp;<\/p>\n<p>Antecipe-se ao infort\u00fanio e contratar um de nossos <a title=\"nossos planos\" href=\"http:\/\/wafuneraria.com.br\/wa\/?page_id=49\" target=\"_blank\" rel=\"noopener noreferrer\">planos<\/a>: um \u00f3bito &#8211; na\u00a0aus\u00eancia\u00a0de um plano de assist\u00eancia\u00a0\u00a0funer\u00e1ria &#8211; ma maioria das vezes\u00a0\u00a0representa uma despesa inesperada de grande porte, \u00a0quest\u00f5es\u00a0burocr\u00e1ticas\u00a0ostensivas, al\u00e9m do desgaste emocional pr\u00f3prio do momento.<br \/>\n<strong>Antecipe-se e contrate para seu grupo familiar um plano<a title=\"CONHE\u00c7A NOSSO PLANOS\" href=\"http:\/\/wafuneraria.com.br\/wa\/?page_id=79\" target=\"_blank\" rel=\"noopener noreferrer\">\u00a0STANDART <\/a>, <a title=\"CONHE\u00c7A ESTE PLANO\" href=\"http:\/\/wafuneraria.com.br\/wa\/?page_id=90\" target=\"_blank\" rel=\"noopener noreferrer\">LUXO <\/a>ou <a title=\"CONHE\u00c7A ESTE PLANO\" href=\"http:\/\/wafuneraria.com.br\/wa\/?page_id=102\" target=\"_blank\" rel=\"noopener noreferrer\">SUPER LUXO<\/a> \u00a0 sem custo adicional e sem burocracia.<\/strong><\/p>\n<span class=\"shortcode-highlight\">NO MOMENTO COMERCIAMOS PLANOS DE ASSIST\u00caNCIA FUNER\u00c1RIA APENAS PARA O INTERIOR DE S\u00c3O PAULO<\/span><!--\/.shortcode-highlight-->\n<p>&nbsp;<\/p>\n<div id=\"attachment_1540\" style=\"width: 260px\" class=\"wp-caption aligncenter\"><img loading=\"lazy\" decoding=\"async\" aria-describedby=\"caption-attachment-1540\" class=\"wp-image-1540 size-full\" src=\"http:\/\/wafuneraria.com.br\/wa\/wp-content\/uploads\/2011\/12\/pag_seguro3.jpg\" alt=\"Pague servi\u00e7os e Produtos na WA Funeraria com seguran\u00e7a e sem burocracia \" width=\"250\" height=\"93\" \/><p id=\"caption-attachment-1540\" class=\"wp-caption-text\">Pague servil\u00e7os WA Funeraria \u00a0com Pagseguro<\/p><\/div>\n","protected":false},"excerpt":{"rendered":"<p>&#8211; Comercializamos planos funer\u00e1rios apenas na cidade de Rio Claro e Regi\u00e3o (SP) &#8211; Disponibilizamos servi\u00e7os funer\u00e1rios para S\u00e3o Paulo e traslados para todo o Brasil. Servi\u00e7os funer\u00e1rios completos, oferecendo Traslados de S\u00e3o Paulo para todo territ\u00f3rio nacional com o menor valor do mercado, al\u00e9m de\u00a0\u00a0Planos de Assist\u00eancia Funer\u00e1ria elaborados para atender com qualidade fam\u00edlias [&hellip;]<\/p>\n","protected":false},"author":1,"featured_media":0,"parent":0,"menu_order":3,"comment_status":"closed","ping_status":"closed","template":"","meta":{"footnotes":""},"class_list":["post-49","page","type-page","status-publish","hentry"],"yoast_head":"<!-- This site is optimized with the Yoast SEO plugin v24.2 - https:\/\/yoast.com\/wordpress\/plugins\/seo\/ -->\n<title>Funer\u00e1ria WA - Servi\u00e7os Funer\u00e1rios - S\u00e3o Paulo - Brasil<\/title>\n<meta name=\"description\" content=\"Servi\u00e7os funer\u00e1rios em S\u00e3o Paulo com Planos de Assist\u00eancia Funer\u00e1ria. Prestamos servi\u00e7os funer\u00e1rios de remo\u00e7\u00e3o ou traslados para outras empresas funer\u00e1rias especialmente na Cidade de S\u00e3o Paulo, al\u00e9m de traslados nacionais e internacionais.\" \/>\n<meta name=\"robots\" content=\"index, follow, max-snippet:-1, max-image-preview:large, max-video-preview:-1\" \/>\n<link rel=\"canonical\" href=\"https:\/\/wafuneraria.com.br\/wa\/?page_id=49\" \/>\n<meta property=\"og:locale\" content=\"pt_BR\" \/>\n<meta property=\"og:type\" content=\"article\" \/>\n<meta property=\"og:title\" content=\"Funer\u00e1ria WA - Servi\u00e7os Funer\u00e1rios - S\u00e3o Paulo - Brasil\" \/>\n<meta property=\"og:description\" content=\"Servi\u00e7os funer\u00e1rios em S\u00e3o Paulo com Planos de Assist\u00eancia Funer\u00e1ria. Prestamos servi\u00e7os funer\u00e1rios de remo\u00e7\u00e3o ou traslados para outras empresas funer\u00e1rias especialmente na Cidade de S\u00e3o Paulo, al\u00e9m de traslados nacionais e internacionais.\" \/>\n<meta property=\"og:url\" content=\"https:\/\/wafuneraria.com.br\/wa\/?page_id=49\" \/>\n<meta property=\"og:site_name\" content=\"WA FUNERARIA: parceria em servi\u00e7os funer\u00e1rios em SP.\" \/>\n<meta property=\"article:modified_time\" content=\"2017-05-29T15:49:35+00:00\" \/>\n<meta property=\"og:image\" content=\"http:\/\/wafuneraria.com.br\/wa\/wp-content\/uploads\/2011\/12\/0011-300x209.jpg\" \/>\n<meta name=\"twitter:label1\" content=\"Est. tempo de leitura\" \/>\n\t<meta name=\"twitter:data1\" content=\"1 minuto\" \/>\n<script type=\"application\/ld+json\" class=\"yoast-schema-graph\">{\"@context\":\"https:\/\/schema.org\",\"@graph\":[{\"@type\":\"WebPage\",\"@id\":\"https:\/\/wafuneraria.com.br\/wa\/?page_id=49\",\"url\":\"https:\/\/wafuneraria.com.br\/wa\/?page_id=49\",\"name\":\"Funer\u00e1ria WA - Servi\u00e7os Funer\u00e1rios - S\u00e3o Paulo - Brasil\",\"isPartOf\":{\"@id\":\"https:\/\/wafuneraria.com.br\/wa\/#website\"},\"primaryImageOfPage\":{\"@id\":\"https:\/\/wafuneraria.com.br\/wa\/?page_id=49#primaryimage\"},\"image\":{\"@id\":\"https:\/\/wafuneraria.com.br\/wa\/?page_id=49#primaryimage\"},\"thumbnailUrl\":\"http:\/\/wafuneraria.com.br\/wa\/wp-content\/uploads\/2011\/12\/0011-300x209.jpg\",\"datePublished\":\"2011-12-05T16:56:37+00:00\",\"dateModified\":\"2017-05-29T15:49:35+00:00\",\"description\":\"Servi\u00e7os funer\u00e1rios em S\u00e3o Paulo com Planos de Assist\u00eancia Funer\u00e1ria. Prestamos servi\u00e7os funer\u00e1rios de remo\u00e7\u00e3o ou traslados para outras empresas funer\u00e1rias especialmente na Cidade de S\u00e3o Paulo, al\u00e9m de traslados nacionais e internacionais.\",\"breadcrumb\":{\"@id\":\"https:\/\/wafuneraria.com.br\/wa\/?page_id=49#breadcrumb\"},\"inLanguage\":\"pt-BR\",\"potentialAction\":[{\"@type\":\"ReadAction\",\"target\":[\"https:\/\/wafuneraria.com.br\/wa\/?page_id=49\"]}]},{\"@type\":\"ImageObject\",\"inLanguage\":\"pt-BR\",\"@id\":\"https:\/\/wafuneraria.com.br\/wa\/?page_id=49#primaryimage\",\"url\":\"https:\/\/wafuneraria.com.br\/wa\/wp-content\/uploads\/2011\/12\/0011.jpg\",\"contentUrl\":\"https:\/\/wafuneraria.com.br\/wa\/wp-content\/uploads\/2011\/12\/0011.jpg\",\"width\":\"462\",\"height\":\"322\"},{\"@type\":\"BreadcrumbList\",\"@id\":\"https:\/\/wafuneraria.com.br\/wa\/?page_id=49#breadcrumb\",\"itemListElement\":[{\"@type\":\"ListItem\",\"position\":1,\"name\":\"Home\",\"item\":\"https:\/\/wafuneraria.com.br\/wa\"},{\"@type\":\"ListItem\",\"position\":2,\"name\":\"Planos\"}]},{\"@type\":\"WebSite\",\"@id\":\"https:\/\/wafuneraria.com.br\/wa\/#website\",\"url\":\"https:\/\/wafuneraria.com.br\/wa\/\",\"name\":\"WA FUNERARIA: parceria em servi\u00e7os funer\u00e1rios em SP.\",\"description\":\"Empresa de Servi\u00e7os Funer\u00e1rios - SP - BRAZIL\",\"potentialAction\":[{\"@type\":\"SearchAction\",\"target\":{\"@type\":\"EntryPoint\",\"urlTemplate\":\"https:\/\/wafuneraria.com.br\/wa\/?s={search_term_string}\"},\"query-input\":{\"@type\":\"PropertyValueSpecification\",\"valueRequired\":true,\"valueName\":\"search_term_string\"}}],\"inLanguage\":\"pt-BR\"}]}<\/script>\n<!-- \/ Yoast SEO plugin. -->","yoast_head_json":{"title":"Funer\u00e1ria WA - Servi\u00e7os Funer\u00e1rios - S\u00e3o Paulo - Brasil","description":"Servi\u00e7os funer\u00e1rios em S\u00e3o Paulo com Planos de Assist\u00eancia Funer\u00e1ria. Prestamos servi\u00e7os funer\u00e1rios de remo\u00e7\u00e3o ou traslados para outras empresas funer\u00e1rias especialmente na Cidade de S\u00e3o Paulo, al\u00e9m de traslados nacionais e internacionais.","robots":{"index":"index","follow":"follow","max-snippet":"max-snippet:-1","max-image-preview":"max-image-preview:large","max-video-preview":"max-video-preview:-1"},"canonical":"https:\/\/wafuneraria.com.br\/wa\/?page_id=49","og_locale":"pt_BR","og_type":"article","og_title":"Funer\u00e1ria WA - Servi\u00e7os Funer\u00e1rios - S\u00e3o Paulo - Brasil","og_description":"Servi\u00e7os funer\u00e1rios em S\u00e3o Paulo com Planos de Assist\u00eancia Funer\u00e1ria. Prestamos servi\u00e7os funer\u00e1rios de remo\u00e7\u00e3o ou traslados para outras empresas funer\u00e1rias especialmente na Cidade de S\u00e3o Paulo, al\u00e9m de traslados nacionais e internacionais.","og_url":"https:\/\/wafuneraria.com.br\/wa\/?page_id=49","og_site_name":"WA FUNERARIA: parceria em servi\u00e7os funer\u00e1rios em SP.","article_modified_time":"2017-05-29T15:49:35+00:00","og_image":[{"url":"http:\/\/wafuneraria.com.br\/wa\/wp-content\/uploads\/2011\/12\/0011-300x209.jpg","type":"","width":"","height":""}],"twitter_misc":{"Est. tempo de leitura":"1 minuto"},"schema":{"@context":"https:\/\/schema.org","@graph":[{"@type":"WebPage","@id":"https:\/\/wafuneraria.com.br\/wa\/?page_id=49","url":"https:\/\/wafuneraria.com.br\/wa\/?page_id=49","name":"Funer\u00e1ria WA - Servi\u00e7os Funer\u00e1rios - S\u00e3o Paulo - Brasil","isPartOf":{"@id":"https:\/\/wafuneraria.com.br\/wa\/#website"},"primaryImageOfPage":{"@id":"https:\/\/wafuneraria.com.br\/wa\/?page_id=49#primaryimage"},"image":{"@id":"https:\/\/wafuneraria.com.br\/wa\/?page_id=49#primaryimage"},"thumbnailUrl":"http:\/\/wafuneraria.com.br\/wa\/wp-content\/uploads\/2011\/12\/0011-300x209.jpg","datePublished":"2011-12-05T16:56:37+00:00","dateModified":"2017-05-29T15:49:35+00:00","description":"Servi\u00e7os funer\u00e1rios em S\u00e3o Paulo com Planos de Assist\u00eancia Funer\u00e1ria. Prestamos servi\u00e7os funer\u00e1rios de remo\u00e7\u00e3o ou traslados para outras empresas funer\u00e1rias especialmente na Cidade de S\u00e3o Paulo, al\u00e9m de traslados nacionais e internacionais.","breadcrumb":{"@id":"https:\/\/wafuneraria.com.br\/wa\/?page_id=49#breadcrumb"},"inLanguage":"pt-BR","potentialAction":[{"@type":"ReadAction","target":["https:\/\/wafuneraria.com.br\/wa\/?page_id=49"]}]},{"@type":"ImageObject","inLanguage":"pt-BR","@id":"https:\/\/wafuneraria.com.br\/wa\/?page_id=49#primaryimage","url":"https:\/\/wafuneraria.com.br\/wa\/wp-content\/uploads\/2011\/12\/0011.jpg","contentUrl":"https:\/\/wafuneraria.com.br\/wa\/wp-content\/uploads\/2011\/12\/0011.jpg","width":"462","height":"322"},{"@type":"BreadcrumbList","@id":"https:\/\/wafuneraria.com.br\/wa\/?page_id=49#breadcrumb","itemListElement":[{"@type":"ListItem","position":1,"name":"Home","item":"https:\/\/wafuneraria.com.br\/wa"},{"@type":"ListItem","position":2,"name":"Planos"}]},{"@type":"WebSite","@id":"https:\/\/wafuneraria.com.br\/wa\/#website","url":"https:\/\/wafuneraria.com.br\/wa\/","name":"WA FUNERARIA: parceria em servi\u00e7os funer\u00e1rios em SP.","description":"Empresa de Servi\u00e7os Funer\u00e1rios - SP - BRAZIL","potentialAction":[{"@type":"SearchAction","target":{"@type":"EntryPoint","urlTemplate":"https:\/\/wafuneraria.com.br\/wa\/?s={search_term_string}"},"query-input":{"@type":"PropertyValueSpecification","valueRequired":true,"valueName":"search_term_string"}}],"inLanguage":"pt-BR"}]}},"_links":{"self":[{"href":"https:\/\/wafuneraria.com.br\/wa\/index.php?rest_route=\/wp\/v2\/pages\/49","targetHints":{"allow":["GET"]}}],"collection":[{"href":"https:\/\/wafuneraria.com.br\/wa\/index.php?rest_route=\/wp\/v2\/pages"}],"about":[{"href":"https:\/\/wafuneraria.com.br\/wa\/index.php?rest_route=\/wp\/v2\/types\/page"}],"author":[{"embeddable":true,"href":"https:\/\/wafuneraria.com.br\/wa\/index.php?rest_route=\/wp\/v2\/users\/1"}],"replies":[{"embeddable":true,"href":"https:\/\/wafuneraria.com.br\/wa\/index.php?rest_route=%2Fwp%2Fv2%2Fcomments&post=49"}],"version-history":[{"count":32,"href":"https:\/\/wafuneraria.com.br\/wa\/index.php?rest_route=\/wp\/v2\/pages\/49\/revisions"}],"predecessor-version":[{"id":2199,"href":"https:\/\/wafuneraria.com.br\/wa\/index.php?rest_route=\/wp\/v2\/pages\/49\/revisions\/2199"}],"wp:attachment":[{"href":"https:\/\/wafuneraria.com.br\/wa\/index.php?rest_route=%2Fwp%2Fv2%2Fmedia&parent=49"}],"curies":[{"name":"wp","href":"https:\/\/api.w.org\/{rel}","templated":true}]}}