{"id":4,"date":"2011-08-05T11:41:17","date_gmt":"2011-08-05T11:41:17","guid":{"rendered":"http:\/\/wafuneraria.com.br\/wa\/?page_id=4"},"modified":"2017-05-29T15:48:12","modified_gmt":"2017-05-29T15:48:12","slug":"servicos-funerarios","status":"publish","type":"page","link":"https:\/\/wafuneraria.com.br\/wa\/?page_id=4","title":{"rendered":"Servi\u00e7os"},"content":{"rendered":"<p>Disponibilizamos <strong>servi\u00e7os funer\u00e1rios para S\u00e3o Paulo<\/strong> e <strong>traslados para todo o Brasil<\/strong>.<br \/>\n<span style=\"color: #ff0000;\"><strong>Comercializamos planos funer\u00e1rios apenas na cidade de Rio Claro e Regi\u00e3o (SP).<\/strong><\/span><\/p>\n<hr \/>\n<p>Clique nos t\u00f3picos abaixo para conhecer os Servi\u00e7os Funer\u00e1rios disponibilizados pela WA FUNER\u00c1RIA:<br \/>\n<img loading=\"lazy\" decoding=\"async\" class=\"size-medium wp-image-544 alignleft\" style=\"border-image: initial; border: 0px initial initial;\" title=\"carro02\" src=\"http:\/\/wafuneraria.com.br\/wa\/wp-content\/uploads\/2011\/12\/carro021-300x162.jpg\" alt=\"\" width=\"300\" height=\"162\" srcset=\"https:\/\/wafuneraria.com.br\/wa\/wp-content\/uploads\/2011\/12\/carro021-300x162.jpg 300w, https:\/\/wafuneraria.com.br\/wa\/wp-content\/uploads\/2011\/12\/carro021.jpg 400w\" sizes=\"auto, (max-width: 300px) 100vw, 300px\" \/><\/p>\n<div class=\"shortcode-unorderedlist tick\"><\/p>\n<ul>\n<li><a href=\"http:\/\/wafuneraria.com.br\/wa\/?page_id=212\">Urnas<\/a><\/li>\n<li><a href=\"http:\/\/wafuneraria.com.br\/wa\/?page_id=216\">Coroa de Flores<\/a><\/li>\n<li><a href=\"http:\/\/wafuneraria.com.br\/wa\/?page_id=218\">Crema\u00e7\u00e3o<\/a><\/li>\n<li><a href=\"http:\/\/wafuneraria.com.br\/wa\/?page_id=222\">Sepultamentos<\/a><\/li>\n<li><a href=\"http:\/\/wafuneraria.com.br\/wa\/?page_id=224\">Traslados e remo\u00e7\u00f5es<\/a><\/li>\n<li><a href=\"http:\/\/wafuneraria.com.br\/wa\/?page_id=222\">Planos de Assist\u00eancia Funer\u00e1ria<\/a><\/li>\n<\/ul>\n<p><\/div>\n\n<p>&nbsp;<\/p>\n<p><strong>Voc\u00ea pode contratar nossos servi\u00e7os on line \u00a0atrav\u00e9s do <a title=\"Formual\u00e1rio de autorizacao\" href=\"http:\/\/wafuneraria.com.br\/wa\/?page_id=822\" target=\"_blank\" rel=\"noopener noreferrer\">Formul\u00e1rio de autoriza\u00e7\u00e3o de execu\u00e7\u00e3o de servi\u00e7os on-line<\/a>.\u00a0<\/strong><\/p>\n<p><strong>Antecipe-se ao infort\u00fanio e \u00a0contrate um\u00a0<a title=\"CONHE\u00c7A NOSSO PLANOS\" href=\"http:\/\/wafuneraria.com.br\/wa\/?page_id=49\" target=\"_blank\" rel=\"noopener noreferrer\">plano de\u00a0assist\u00eancia\u00a0funer\u00e1ria\u00a0da WA<\/a>, sem custo adicional e sem burocracia.<\/strong><\/p>\n","protected":false},"excerpt":{"rendered":"<p>Disponibilizamos servi\u00e7os funer\u00e1rios para S\u00e3o Paulo e traslados para todo o Brasil. Comercializamos planos funer\u00e1rios apenas na cidade de Rio Claro e Regi\u00e3o (SP). Clique nos t\u00f3picos abaixo para conhecer os Servi\u00e7os Funer\u00e1rios disponibilizados pela WA FUNER\u00c1RIA: &nbsp; Voc\u00ea pode contratar nossos servi\u00e7os on line \u00a0atrav\u00e9s do Formul\u00e1rio de autoriza\u00e7\u00e3o de execu\u00e7\u00e3o de servi\u00e7os on-line.\u00a0 [&hellip;]<\/p>\n","protected":false},"author":1,"featured_media":0,"parent":0,"menu_order":1,"comment_status":"closed","ping_status":"closed","template":"","meta":{"footnotes":""},"class_list":["post-4","page","type-page","status-publish","hentry"],"yoast_head":"<!-- This site is optimized with the Yoast SEO plugin v24.2 - https:\/\/yoast.com\/wordpress\/plugins\/seo\/ -->\n<title>Funer\u00e1ria WA - Servi\u00e7os Funer\u00e1rios - S\u00e3o Paulo - Brasil<\/title>\n<meta name=\"description\" content=\"Servi\u00e7os funer\u00e1rios em S\u00e3o Paulo com Planos de Assist\u00eancia Funer\u00e1ria. Prestamos servi\u00e7os funer\u00e1rios de remo\u00e7\u00e3o ou traslados para outras empresas funer\u00e1rias especialmente na Cidade de S\u00e3o Paulo, al\u00e9m de traslados nacionais e internacionais.\" \/>\n<meta name=\"robots\" content=\"index, follow, max-snippet:-1, max-image-preview:large, max-video-preview:-1\" \/>\n<link rel=\"canonical\" href=\"https:\/\/wafuneraria.com.br\/wa\/?page_id=4\" \/>\n<meta property=\"og:locale\" content=\"pt_BR\" \/>\n<meta property=\"og:type\" content=\"article\" \/>\n<meta property=\"og:title\" content=\"Funer\u00e1ria WA - Servi\u00e7os Funer\u00e1rios - S\u00e3o Paulo - Brasil\" \/>\n<meta property=\"og:description\" content=\"Servi\u00e7os funer\u00e1rios em S\u00e3o Paulo com Planos de Assist\u00eancia Funer\u00e1ria. Prestamos servi\u00e7os funer\u00e1rios de remo\u00e7\u00e3o ou traslados para outras empresas funer\u00e1rias especialmente na Cidade de S\u00e3o Paulo, al\u00e9m de traslados nacionais e internacionais.\" \/>\n<meta property=\"og:url\" content=\"https:\/\/wafuneraria.com.br\/wa\/?page_id=4\" \/>\n<meta property=\"og:site_name\" content=\"WA FUNERARIA: parceria em servi\u00e7os funer\u00e1rios em SP.\" \/>\n<meta property=\"article:modified_time\" content=\"2017-05-29T15:48:12+00:00\" \/>\n<meta property=\"og:image\" content=\"http:\/\/wafuneraria.com.br\/wa\/wp-content\/uploads\/2011\/12\/carro021-300x162.jpg\" \/>\n<meta name=\"twitter:label1\" content=\"Est. tempo de leitura\" \/>\n\t<meta name=\"twitter:data1\" content=\"1 minuto\" \/>\n<script type=\"application\/ld+json\" class=\"yoast-schema-graph\">{\"@context\":\"https:\/\/schema.org\",\"@graph\":[{\"@type\":\"WebPage\",\"@id\":\"https:\/\/wafuneraria.com.br\/wa\/?page_id=4\",\"url\":\"https:\/\/wafuneraria.com.br\/wa\/?page_id=4\",\"name\":\"Funer\u00e1ria WA - Servi\u00e7os Funer\u00e1rios - S\u00e3o Paulo - Brasil\",\"isPartOf\":{\"@id\":\"https:\/\/wafuneraria.com.br\/wa\/#website\"},\"primaryImageOfPage\":{\"@id\":\"https:\/\/wafuneraria.com.br\/wa\/?page_id=4#primaryimage\"},\"image\":{\"@id\":\"https:\/\/wafuneraria.com.br\/wa\/?page_id=4#primaryimage\"},\"thumbnailUrl\":\"http:\/\/wafuneraria.com.br\/wa\/wp-content\/uploads\/2011\/12\/carro021-300x162.jpg\",\"datePublished\":\"2011-08-05T11:41:17+00:00\",\"dateModified\":\"2017-05-29T15:48:12+00:00\",\"description\":\"Servi\u00e7os funer\u00e1rios em S\u00e3o Paulo com Planos de Assist\u00eancia Funer\u00e1ria. Prestamos servi\u00e7os funer\u00e1rios de remo\u00e7\u00e3o ou traslados para outras empresas funer\u00e1rias especialmente na Cidade de S\u00e3o Paulo, al\u00e9m de traslados nacionais e internacionais.\",\"breadcrumb\":{\"@id\":\"https:\/\/wafuneraria.com.br\/wa\/?page_id=4#breadcrumb\"},\"inLanguage\":\"pt-BR\",\"potentialAction\":[{\"@type\":\"ReadAction\",\"target\":[\"https:\/\/wafuneraria.com.br\/wa\/?page_id=4\"]}]},{\"@type\":\"ImageObject\",\"inLanguage\":\"pt-BR\",\"@id\":\"https:\/\/wafuneraria.com.br\/wa\/?page_id=4#primaryimage\",\"url\":\"https:\/\/wafuneraria.com.br\/wa\/wp-content\/uploads\/2011\/12\/carro021.jpg\",\"contentUrl\":\"https:\/\/wafuneraria.com.br\/wa\/wp-content\/uploads\/2011\/12\/carro021.jpg\",\"width\":\"400\",\"height\":\"217\"},{\"@type\":\"BreadcrumbList\",\"@id\":\"https:\/\/wafuneraria.com.br\/wa\/?page_id=4#breadcrumb\",\"itemListElement\":[{\"@type\":\"ListItem\",\"position\":1,\"name\":\"Home\",\"item\":\"https:\/\/wafuneraria.com.br\/wa\"},{\"@type\":\"ListItem\",\"position\":2,\"name\":\"Servi\u00e7os\"}]},{\"@type\":\"WebSite\",\"@id\":\"https:\/\/wafuneraria.com.br\/wa\/#website\",\"url\":\"https:\/\/wafuneraria.com.br\/wa\/\",\"name\":\"WA FUNERARIA: parceria em servi\u00e7os funer\u00e1rios em SP.\",\"description\":\"Empresa de Servi\u00e7os Funer\u00e1rios - SP - BRAZIL\",\"potentialAction\":[{\"@type\":\"SearchAction\",\"target\":{\"@type\":\"EntryPoint\",\"urlTemplate\":\"https:\/\/wafuneraria.com.br\/wa\/?s={search_term_string}\"},\"query-input\":{\"@type\":\"PropertyValueSpecification\",\"valueRequired\":true,\"valueName\":\"search_term_string\"}}],\"inLanguage\":\"pt-BR\"}]}<\/script>\n<!-- \/ Yoast SEO plugin. -->","yoast_head_json":{"title":"Funer\u00e1ria WA - Servi\u00e7os Funer\u00e1rios - S\u00e3o Paulo - Brasil","description":"Servi\u00e7os funer\u00e1rios em S\u00e3o Paulo com Planos de Assist\u00eancia Funer\u00e1ria. Prestamos servi\u00e7os funer\u00e1rios de remo\u00e7\u00e3o ou traslados para outras empresas funer\u00e1rias especialmente na Cidade de S\u00e3o Paulo, al\u00e9m de traslados nacionais e internacionais.","robots":{"index":"index","follow":"follow","max-snippet":"max-snippet:-1","max-image-preview":"max-image-preview:large","max-video-preview":"max-video-preview:-1"},"canonical":"https:\/\/wafuneraria.com.br\/wa\/?page_id=4","og_locale":"pt_BR","og_type":"article","og_title":"Funer\u00e1ria WA - Servi\u00e7os Funer\u00e1rios - S\u00e3o Paulo - Brasil","og_description":"Servi\u00e7os funer\u00e1rios em S\u00e3o Paulo com Planos de Assist\u00eancia Funer\u00e1ria. Prestamos servi\u00e7os funer\u00e1rios de remo\u00e7\u00e3o ou traslados para outras empresas funer\u00e1rias especialmente na Cidade de S\u00e3o Paulo, al\u00e9m de traslados nacionais e internacionais.","og_url":"https:\/\/wafuneraria.com.br\/wa\/?page_id=4","og_site_name":"WA FUNERARIA: parceria em servi\u00e7os funer\u00e1rios em SP.","article_modified_time":"2017-05-29T15:48:12+00:00","og_image":[{"url":"http:\/\/wafuneraria.com.br\/wa\/wp-content\/uploads\/2011\/12\/carro021-300x162.jpg","type":"","width":"","height":""}],"twitter_misc":{"Est. tempo de leitura":"1 minuto"},"schema":{"@context":"https:\/\/schema.org","@graph":[{"@type":"WebPage","@id":"https:\/\/wafuneraria.com.br\/wa\/?page_id=4","url":"https:\/\/wafuneraria.com.br\/wa\/?page_id=4","name":"Funer\u00e1ria WA - Servi\u00e7os Funer\u00e1rios - S\u00e3o Paulo - Brasil","isPartOf":{"@id":"https:\/\/wafuneraria.com.br\/wa\/#website"},"primaryImageOfPage":{"@id":"https:\/\/wafuneraria.com.br\/wa\/?page_id=4#primaryimage"},"image":{"@id":"https:\/\/wafuneraria.com.br\/wa\/?page_id=4#primaryimage"},"thumbnailUrl":"http:\/\/wafuneraria.com.br\/wa\/wp-content\/uploads\/2011\/12\/carro021-300x162.jpg","datePublished":"2011-08-05T11:41:17+00:00","dateModified":"2017-05-29T15:48:12+00:00","description":"Servi\u00e7os funer\u00e1rios em S\u00e3o Paulo com Planos de Assist\u00eancia Funer\u00e1ria. Prestamos servi\u00e7os funer\u00e1rios de remo\u00e7\u00e3o ou traslados para outras empresas funer\u00e1rias especialmente na Cidade de S\u00e3o Paulo, al\u00e9m de traslados nacionais e internacionais.","breadcrumb":{"@id":"https:\/\/wafuneraria.com.br\/wa\/?page_id=4#breadcrumb"},"inLanguage":"pt-BR","potentialAction":[{"@type":"ReadAction","target":["https:\/\/wafuneraria.com.br\/wa\/?page_id=4"]}]},{"@type":"ImageObject","inLanguage":"pt-BR","@id":"https:\/\/wafuneraria.com.br\/wa\/?page_id=4#primaryimage","url":"https:\/\/wafuneraria.com.br\/wa\/wp-content\/uploads\/2011\/12\/carro021.jpg","contentUrl":"https:\/\/wafuneraria.com.br\/wa\/wp-content\/uploads\/2011\/12\/carro021.jpg","width":"400","height":"217"},{"@type":"BreadcrumbList","@id":"https:\/\/wafuneraria.com.br\/wa\/?page_id=4#breadcrumb","itemListElement":[{"@type":"ListItem","position":1,"name":"Home","item":"https:\/\/wafuneraria.com.br\/wa"},{"@type":"ListItem","position":2,"name":"Servi\u00e7os"}]},{"@type":"WebSite","@id":"https:\/\/wafuneraria.com.br\/wa\/#website","url":"https:\/\/wafuneraria.com.br\/wa\/","name":"WA FUNERARIA: parceria em servi\u00e7os funer\u00e1rios em SP.","description":"Empresa de Servi\u00e7os Funer\u00e1rios - SP - BRAZIL","potentialAction":[{"@type":"SearchAction","target":{"@type":"EntryPoint","urlTemplate":"https:\/\/wafuneraria.com.br\/wa\/?s={search_term_string}"},"query-input":{"@type":"PropertyValueSpecification","valueRequired":true,"valueName":"search_term_string"}}],"inLanguage":"pt-BR"}]}},"_links":{"self":[{"href":"https:\/\/wafuneraria.com.br\/wa\/index.php?rest_route=\/wp\/v2\/pages\/4","targetHints":{"allow":["GET"]}}],"collection":[{"href":"https:\/\/wafuneraria.com.br\/wa\/index.php?rest_route=\/wp\/v2\/pages"}],"about":[{"href":"https:\/\/wafuneraria.com.br\/wa\/index.php?rest_route=\/wp\/v2\/types\/page"}],"author":[{"embeddable":true,"href":"https:\/\/wafuneraria.com.br\/wa\/index.php?rest_route=\/wp\/v2\/users\/1"}],"replies":[{"embeddable":true,"href":"https:\/\/wafuneraria.com.br\/wa\/index.php?rest_route=%2Fwp%2Fv2%2Fcomments&post=4"}],"version-history":[{"count":34,"href":"https:\/\/wafuneraria.com.br\/wa\/index.php?rest_route=\/wp\/v2\/pages\/4\/revisions"}],"predecessor-version":[{"id":2197,"href":"https:\/\/wafuneraria.com.br\/wa\/index.php?rest_route=\/wp\/v2\/pages\/4\/revisions\/2197"}],"wp:attachment":[{"href":"https:\/\/wafuneraria.com.br\/wa\/index.php?rest_route=%2Fwp%2Fv2%2Fmedia&parent=4"}],"curies":[{"name":"wp","href":"https:\/\/api.w.org\/{rel}","templated":true}]}}