{"id":224,"date":"2011-12-08T16:38:49","date_gmt":"2011-12-08T16:38:49","guid":{"rendered":"http:\/\/wafuneraria.com.br\/wa\/?page_id=224"},"modified":"2012-06-14T14:14:52","modified_gmt":"2012-06-14T14:14:52","slug":"traslados-e-remocoes","status":"publish","type":"page","link":"https:\/\/wafuneraria.com.br\/wa\/?page_id=224","title":{"rendered":"Traslados e Remo\u00e7\u00f5es"},"content":{"rendered":"<p>A <strong>WA Funer\u00e1ria<\/strong> \u00e9 l\u00edder em traslados em toda a Cidade de S\u00e3o Paulo: atendemos tanto a familiares &#8211; seja em servi\u00e7os funer\u00e1rios particulares ou advindos de \u00a0de nossos \u00a0<a title=\"CONHECA OS NOSSOS PLANOS\" href=\"http:\/\/wafuneraria.com.br\/wa\/?page_id=49\" target=\"_blank\">planos<\/a>\u00a0&#8211;\u00a0\u00a0quanto prestamos tamb\u00e9m \u00a0servi\u00e7o \u00a0 de modo terceirizado para <strong>outras empresas funer\u00e1rias<\/strong> do interior de S\u00e3o Paulo ou de outros Estados,\u00a0que precisem efetuar remo\u00e7\u00f5es funer\u00e1rias e traslados com agilidade e\u00a0efici\u00eancia\u00a0 dentro de todo o per\u00edmetro de S\u00e3o Paulo.<\/p>\n<div><img loading=\"lazy\" decoding=\"async\" class=\"alignleft size-full wp-image-1088\" title=\"CARRO_02\" src=\"http:\/\/wafuneraria.com.br\/wa\/wp-content\/uploads\/2011\/12\/CARRO_02.jpg\" alt=\"\" width=\"300\" height=\"147\" \/>Nossa frota \u00e9 composta por carros funer\u00e1rios em impec\u00e1vel estado, 100% adequados \u00e0 legisla\u00e7\u00e3o que rege o \u00a0transporte funer\u00e1rio e \/ou cortejo no Pa\u00eds.<br \/>\nPraticamos o menor pre\u00e7o \u00a0por km rodado em traslados do Estado de S\u00e3o Paulo.<\/div>\n<div><\/div>\n<div>O <strong>Grupo WA<\/strong> \u00e9 a parceria sob medida para empresas que necessitem contratar transporte funer\u00e1rio dentro de S\u00e3o Paulo.<\/div>\n<div><strong><a title=\"Fale conosco\" href=\"http:\/\/wafuneraria.com.br\/wa\/?page_id=115\" target=\"_blank\">Fale conosco<\/a> e solicite \u00a0a nossa tabela diferenciada para atendimento a empresas funer\u00e1rias e a Cias. Seguradoras<\/strong>.<\/div>\n<div>\n<p>&nbsp;<\/p>\n<div id=\"tabs-6\" class=\"shortcode-tabs default\"><h4 class=\"tab_header\"><span>LEIS TRASLADOS INTERMUNICIPAIS<\/span><\/h4><ul class=\"tab_titles has_title\">\n<li class=\"nav-tab\"><a href=\"#tab-1\">LEIS DE TRASLADOS<\/a><\/li>\n<li class=\"nav-tab\"><a href=\"#tab-2\">TIRE SUAS D\u00daVIDAS<\/a><\/li>\n<\/ul>\n <div class=\"tab tab-leis-de-traslados\"><br \/>\n<strong>LEI ESTADUAL N\u00ba 9055\/94<\/strong><br \/>\nART. 1\u00ba &#8211; O Servi\u00e7o de transporte intermunicipal de cad\u00e1veres inclusive a comercializa\u00e7\u00e3o de caix\u00f5es, urnas funer\u00e1rias e a presta\u00e7\u00e3o de outros servi\u00e7os a eles complementares, s\u00e3o de livres \u00e0 iniciativa privada, vedada a garantia de exclusividade em virtude da localiza\u00e7\u00e3o da empresa que o realize.<\/p>\n<p>ART 2\u00ba &#8211; Esta Lei entrar\u00e1 em vigor da data de sua publica\u00e7\u00e3o.<\/p>\n<p>Data da Publica\u00e7\u00e3o: 29\/12\/1994.<\/p>\n<p>.<\/div><!--\/.tab--> <div class=\"tab tab-tire-suas-duvidas\">Fale conosco e dirima suas d\u00favidas acerca de regulamenta\u00e7\u00f5es que regem os traslados em n\u00edvel Municipal, Estadual ou Internacionalmente.<br \/>\n<a title=\"wa@wafuneraria.com.br\" href=\"mailto:wa@wafuneraria.com.br\"> wa@wafuneraria.com.br<\/a><\/div><!--\/.tab--> \n<div class=\"fix\"><\/div><!--\/.fix-->\n<\/div><!--\/.tabs-->\n<p>&nbsp;<\/p>\n<p>Preencha o formulario abaixo para solicitar cota\u00e7\u00f5es de traslados e remo\u00e7\u00f5es:<br \/>\n<div class=\"frm_forms  with_frm_style frm_style_formidable-style\" id=\"frm_form_10_container\" >\n<form enctype=\"multipart\/form-data\" method=\"post\" class=\"frm-show-form \" id=\"form_ls6ww\" >\n<div class=\"frm_form_fields \">\n<fieldset>\n\r\n<div class=\"frm_fields_container\">\n<input type=\"hidden\" name=\"frm_action\" value=\"create\" \/>\n<input type=\"hidden\" name=\"form_id\" value=\"10\" \/>\n<input type=\"hidden\" name=\"frm_hide_fields_10\" id=\"frm_hide_fields_10\" value=\"\" \/>\n<input type=\"hidden\" name=\"form_key\" value=\"ls6ww\" \/>\n<input type=\"hidden\" name=\"item_meta[0]\" value=\"\" \/>\n<input type=\"hidden\" id=\"frm_submit_entry_10\" name=\"frm_submit_entry_10\" value=\"c5f110d4b0\" \/><input type=\"hidden\" name=\"_wp_http_referer\" value=\"\/wa\/index.php?rest_route=%2Fwp%2Fv2%2Fpages%2F224\" \/><div id=\"frm_field_68_container\" class=\"form-field  frm_top_container\">\r\n    <label class=\"frm_primary_label\"><font><font>Nome \/  Empresa:<\/font><\/font>\r\n        <span class=\"frm_required\"><\/span>\r\n    <\/label>\r\n    <input type=\"text\" id=\"field_7oenp9\" name=\"item_meta[68]\" value=\"\"  data-invmsg=\"&lt;font&gt;&lt;font&gt;Nome \/  Empresa:&lt;\/font&gt;&lt;\/font&gt; \u00e9 inv\u00e1lido\" aria-invalid=\"false\"  \/>\r\n    \r\n    \r\n<\/div>\n<div id=\"frm_field_69_container\" class=\"form-field  frm_top_container\">\r\n    <label class=\"frm_primary_label\">E-mail:\r\n        <span class=\"frm_required\"><\/span>\r\n    <\/label>\r\n    <input type=\"text\" id=\"field_3df916\" name=\"item_meta[69]\" value=\"\"  data-invmsg=\"E-mail: \u00e9 inv\u00e1lido\" aria-invalid=\"false\"  \/>\r\n    \r\n    \r\n<\/div>\n<div id=\"frm_field_70_container\" class=\"form-field  frm_top_container\">\r\n    <label class=\"frm_primary_label\"><font><font><font><font>Perfil:<\/font><\/font><\/font><\/font>\r\n        <span class=\"frm_required\"><\/span>\r\n    <\/label>\r\n    \t\t<select name=\"item_meta[70]\" id=\"field_ryrabz\"  data-frmval=\"Empresa funer\u00e1ria\" data-invmsg=\"&lt;font&gt;&lt;font&gt;&lt;font&gt;&lt;font&gt;Perfil:&lt;\/font&gt;&lt;\/font&gt;&lt;\/font&gt;&lt;\/font&gt; \u00e9 inv\u00e1lido\" aria-invalid=\"false\"  >\n\t\t<option  value=\"Empresa funer\u00e1ria\" selected='selected'>Empresa funer\u00e1ria<\/option><option  value=\"Empresa seguradora\">Empresa seguradora<\/option><option  value=\"Outros\">Outros<\/option>\t<\/select>\n\t\r\n    \r\n    \r\n<\/div>\n<div id=\"frm_field_71_container\" class=\"form-field  frm_top_container\">\r\n    <label class=\"frm_primary_label\">Sua mensagem:\r\n        <span class=\"frm_required\"><\/span>\r\n    <\/label>\r\n    <textarea name=\"item_meta[71]\" id=\"field_5t0nc8\" rows=\"5\"  data-invmsg=\"Sua mensagem: \u00e9 inv\u00e1lido\" aria-invalid=\"false\"  ><\/textarea>\r\n    \r\n    \r\n<\/div>\n\t<input type=\"hidden\" name=\"item_key\" value=\"\" \/>\n\t\t\t<div id=\"frm_field_93_container\">\n\t\t\t<label for=\"field_s4po1\" >\n\t\t\t\tSe voc\u00ea \u00e9 humano, deixe este campo em branco.\t\t\t<\/label>\n\t\t\t<input  id=\"field_s4po1\" type=\"text\" class=\"frm_form_field form-field frm_verify\" name=\"item_meta[93]\" value=\"\"  \/>\n\t\t<\/div>\n\t\t<input name=\"frm_state\" type=\"hidden\" value=\"+hvFvUbtydGR2xrQvpysKJkyxX6WADBeZ\/\/dJty1nk0=\" \/><div class=\"frm_submit frm_flex\">\n<button class=\"frm_button_submit\" type=\"submit\"  >ENVIAR FORMUL\u00c1RIO<\/button>\n\n\n\n<\/div><\/div>\n<\/fieldset>\n<\/div>\n\n<\/form>\n<\/div>\n<\/p>\n<\/div>\n","protected":false},"excerpt":{"rendered":"<p>A WA Funer\u00e1ria \u00e9 l\u00edder em traslados em toda a Cidade de S\u00e3o Paulo: atendemos tanto a familiares &#8211; seja em servi\u00e7os funer\u00e1rios particulares ou advindos de \u00a0de nossos \u00a0planos\u00a0&#8211;\u00a0\u00a0quanto prestamos tamb\u00e9m \u00a0servi\u00e7o \u00a0 de modo terceirizado para outras empresas funer\u00e1rias do interior de S\u00e3o Paulo ou de outros Estados,\u00a0que precisem efetuar remo\u00e7\u00f5es funer\u00e1rias e [&hellip;]<\/p>\n","protected":false},"author":1,"featured_media":311,"parent":4,"menu_order":0,"comment_status":"closed","ping_status":"closed","template":"","meta":{"footnotes":""},"class_list":["post-224","page","type-page","status-publish","has-post-thumbnail","hentry"],"yoast_head":"<!-- This site is optimized with the Yoast SEO plugin v24.2 - https:\/\/yoast.com\/wordpress\/plugins\/seo\/ -->\n<title>Funer\u00e1ria WA - Servi\u00e7os Funer\u00e1rios - S\u00e3o Paulo - Brasil<\/title>\n<meta name=\"description\" content=\"Servi\u00e7os funer\u00e1rios em S\u00e3o Paulo com Planos de Assist\u00eancia Funer\u00e1ria. Prestamos servi\u00e7os funer\u00e1rios de remo\u00e7\u00e3o ou traslados para outras empresas funer\u00e1rias especialmente na Cidade de S\u00e3o Paulo, al\u00e9m de traslados nacionais e internacionais.\" \/>\n<meta name=\"robots\" content=\"index, follow, max-snippet:-1, max-image-preview:large, max-video-preview:-1\" \/>\n<link rel=\"canonical\" href=\"https:\/\/wafuneraria.com.br\/wa\/?page_id=224\" \/>\n<meta property=\"og:locale\" content=\"pt_BR\" \/>\n<meta property=\"og:type\" content=\"article\" \/>\n<meta property=\"og:title\" content=\"Funer\u00e1ria WA - Servi\u00e7os Funer\u00e1rios - S\u00e3o Paulo - Brasil\" \/>\n<meta property=\"og:description\" content=\"Servi\u00e7os funer\u00e1rios em S\u00e3o Paulo com Planos de Assist\u00eancia Funer\u00e1ria. Prestamos servi\u00e7os funer\u00e1rios de remo\u00e7\u00e3o ou traslados para outras empresas funer\u00e1rias especialmente na Cidade de S\u00e3o Paulo, al\u00e9m de traslados nacionais e internacionais.\" \/>\n<meta property=\"og:url\" content=\"https:\/\/wafuneraria.com.br\/wa\/?page_id=224\" \/>\n<meta property=\"og:site_name\" content=\"WA FUNERARIA: parceria em servi\u00e7os funer\u00e1rios em SP.\" \/>\n<meta property=\"article:modified_time\" content=\"2012-06-14T14:14:52+00:00\" \/>\n<meta property=\"og:image\" content=\"https:\/\/wafuneraria.com.br\/wa\/wp-content\/uploads\/2011\/12\/carro_novo.jpg\" \/>\n\t<meta property=\"og:image:width\" content=\"400\" \/>\n\t<meta property=\"og:image:height\" content=\"197\" \/>\n\t<meta property=\"og:image:type\" content=\"image\/jpeg\" \/>\n<meta name=\"twitter:label1\" content=\"Est. tempo de leitura\" \/>\n\t<meta name=\"twitter:data1\" content=\"2 minutos\" \/>\n<script type=\"application\/ld+json\" class=\"yoast-schema-graph\">{\"@context\":\"https:\/\/schema.org\",\"@graph\":[{\"@type\":\"WebPage\",\"@id\":\"https:\/\/wafuneraria.com.br\/wa\/?page_id=224\",\"url\":\"https:\/\/wafuneraria.com.br\/wa\/?page_id=224\",\"name\":\"Funer\u00e1ria WA - Servi\u00e7os Funer\u00e1rios - S\u00e3o Paulo - Brasil\",\"isPartOf\":{\"@id\":\"https:\/\/wafuneraria.com.br\/wa\/#website\"},\"primaryImageOfPage\":{\"@id\":\"https:\/\/wafuneraria.com.br\/wa\/?page_id=224#primaryimage\"},\"image\":{\"@id\":\"https:\/\/wafuneraria.com.br\/wa\/?page_id=224#primaryimage\"},\"thumbnailUrl\":\"https:\/\/wafuneraria.com.br\/wa\/wp-content\/uploads\/2011\/12\/carro_novo.jpg\",\"datePublished\":\"2011-12-08T16:38:49+00:00\",\"dateModified\":\"2012-06-14T14:14:52+00:00\",\"description\":\"Servi\u00e7os funer\u00e1rios em S\u00e3o Paulo com Planos de Assist\u00eancia Funer\u00e1ria. Prestamos servi\u00e7os funer\u00e1rios de remo\u00e7\u00e3o ou traslados para outras empresas funer\u00e1rias especialmente na Cidade de S\u00e3o Paulo, al\u00e9m de traslados nacionais e internacionais.\",\"breadcrumb\":{\"@id\":\"https:\/\/wafuneraria.com.br\/wa\/?page_id=224#breadcrumb\"},\"inLanguage\":\"pt-BR\",\"potentialAction\":[{\"@type\":\"ReadAction\",\"target\":[\"https:\/\/wafuneraria.com.br\/wa\/?page_id=224\"]}]},{\"@type\":\"ImageObject\",\"inLanguage\":\"pt-BR\",\"@id\":\"https:\/\/wafuneraria.com.br\/wa\/?page_id=224#primaryimage\",\"url\":\"https:\/\/wafuneraria.com.br\/wa\/wp-content\/uploads\/2011\/12\/carro_novo.jpg\",\"contentUrl\":\"https:\/\/wafuneraria.com.br\/wa\/wp-content\/uploads\/2011\/12\/carro_novo.jpg\",\"width\":\"400\",\"height\":\"197\"},{\"@type\":\"BreadcrumbList\",\"@id\":\"https:\/\/wafuneraria.com.br\/wa\/?page_id=224#breadcrumb\",\"itemListElement\":[{\"@type\":\"ListItem\",\"position\":1,\"name\":\"Home\",\"item\":\"https:\/\/wafuneraria.com.br\/wa\"},{\"@type\":\"ListItem\",\"position\":2,\"name\":\"Servi\u00e7os\",\"item\":\"https:\/\/wafuneraria.com.br\/wa\/?page_id=4\"},{\"@type\":\"ListItem\",\"position\":3,\"name\":\"Traslados e Remo\u00e7\u00f5es\"}]},{\"@type\":\"WebSite\",\"@id\":\"https:\/\/wafuneraria.com.br\/wa\/#website\",\"url\":\"https:\/\/wafuneraria.com.br\/wa\/\",\"name\":\"WA FUNERARIA: parceria em servi\u00e7os funer\u00e1rios em SP.\",\"description\":\"Empresa de Servi\u00e7os Funer\u00e1rios - SP - BRAZIL\",\"potentialAction\":[{\"@type\":\"SearchAction\",\"target\":{\"@type\":\"EntryPoint\",\"urlTemplate\":\"https:\/\/wafuneraria.com.br\/wa\/?s={search_term_string}\"},\"query-input\":{\"@type\":\"PropertyValueSpecification\",\"valueRequired\":true,\"valueName\":\"search_term_string\"}}],\"inLanguage\":\"pt-BR\"}]}<\/script>\n<!-- \/ Yoast SEO plugin. -->","yoast_head_json":{"title":"Funer\u00e1ria WA - Servi\u00e7os Funer\u00e1rios - S\u00e3o Paulo - Brasil","description":"Servi\u00e7os funer\u00e1rios em S\u00e3o Paulo com Planos de Assist\u00eancia Funer\u00e1ria. Prestamos servi\u00e7os funer\u00e1rios de remo\u00e7\u00e3o ou traslados para outras empresas funer\u00e1rias especialmente na Cidade de S\u00e3o Paulo, al\u00e9m de traslados nacionais e internacionais.","robots":{"index":"index","follow":"follow","max-snippet":"max-snippet:-1","max-image-preview":"max-image-preview:large","max-video-preview":"max-video-preview:-1"},"canonical":"https:\/\/wafuneraria.com.br\/wa\/?page_id=224","og_locale":"pt_BR","og_type":"article","og_title":"Funer\u00e1ria WA - Servi\u00e7os Funer\u00e1rios - S\u00e3o Paulo - Brasil","og_description":"Servi\u00e7os funer\u00e1rios em S\u00e3o Paulo com Planos de Assist\u00eancia Funer\u00e1ria. Prestamos servi\u00e7os funer\u00e1rios de remo\u00e7\u00e3o ou traslados para outras empresas funer\u00e1rias especialmente na Cidade de S\u00e3o Paulo, al\u00e9m de traslados nacionais e internacionais.","og_url":"https:\/\/wafuneraria.com.br\/wa\/?page_id=224","og_site_name":"WA FUNERARIA: parceria em servi\u00e7os funer\u00e1rios em SP.","article_modified_time":"2012-06-14T14:14:52+00:00","og_image":[{"width":400,"height":197,"url":"https:\/\/wafuneraria.com.br\/wa\/wp-content\/uploads\/2011\/12\/carro_novo.jpg","type":"image\/jpeg"}],"twitter_misc":{"Est. tempo de leitura":"2 minutos"},"schema":{"@context":"https:\/\/schema.org","@graph":[{"@type":"WebPage","@id":"https:\/\/wafuneraria.com.br\/wa\/?page_id=224","url":"https:\/\/wafuneraria.com.br\/wa\/?page_id=224","name":"Funer\u00e1ria WA - Servi\u00e7os Funer\u00e1rios - S\u00e3o Paulo - Brasil","isPartOf":{"@id":"https:\/\/wafuneraria.com.br\/wa\/#website"},"primaryImageOfPage":{"@id":"https:\/\/wafuneraria.com.br\/wa\/?page_id=224#primaryimage"},"image":{"@id":"https:\/\/wafuneraria.com.br\/wa\/?page_id=224#primaryimage"},"thumbnailUrl":"https:\/\/wafuneraria.com.br\/wa\/wp-content\/uploads\/2011\/12\/carro_novo.jpg","datePublished":"2011-12-08T16:38:49+00:00","dateModified":"2012-06-14T14:14:52+00:00","description":"Servi\u00e7os funer\u00e1rios em S\u00e3o Paulo com Planos de Assist\u00eancia Funer\u00e1ria. Prestamos servi\u00e7os funer\u00e1rios de remo\u00e7\u00e3o ou traslados para outras empresas funer\u00e1rias especialmente na Cidade de S\u00e3o Paulo, al\u00e9m de traslados nacionais e internacionais.","breadcrumb":{"@id":"https:\/\/wafuneraria.com.br\/wa\/?page_id=224#breadcrumb"},"inLanguage":"pt-BR","potentialAction":[{"@type":"ReadAction","target":["https:\/\/wafuneraria.com.br\/wa\/?page_id=224"]}]},{"@type":"ImageObject","inLanguage":"pt-BR","@id":"https:\/\/wafuneraria.com.br\/wa\/?page_id=224#primaryimage","url":"https:\/\/wafuneraria.com.br\/wa\/wp-content\/uploads\/2011\/12\/carro_novo.jpg","contentUrl":"https:\/\/wafuneraria.com.br\/wa\/wp-content\/uploads\/2011\/12\/carro_novo.jpg","width":"400","height":"197"},{"@type":"BreadcrumbList","@id":"https:\/\/wafuneraria.com.br\/wa\/?page_id=224#breadcrumb","itemListElement":[{"@type":"ListItem","position":1,"name":"Home","item":"https:\/\/wafuneraria.com.br\/wa"},{"@type":"ListItem","position":2,"name":"Servi\u00e7os","item":"https:\/\/wafuneraria.com.br\/wa\/?page_id=4"},{"@type":"ListItem","position":3,"name":"Traslados e Remo\u00e7\u00f5es"}]},{"@type":"WebSite","@id":"https:\/\/wafuneraria.com.br\/wa\/#website","url":"https:\/\/wafuneraria.com.br\/wa\/","name":"WA FUNERARIA: parceria em servi\u00e7os funer\u00e1rios em SP.","description":"Empresa de Servi\u00e7os Funer\u00e1rios - SP - BRAZIL","potentialAction":[{"@type":"SearchAction","target":{"@type":"EntryPoint","urlTemplate":"https:\/\/wafuneraria.com.br\/wa\/?s={search_term_string}"},"query-input":{"@type":"PropertyValueSpecification","valueRequired":true,"valueName":"search_term_string"}}],"inLanguage":"pt-BR"}]}},"_links":{"self":[{"href":"https:\/\/wafuneraria.com.br\/wa\/index.php?rest_route=\/wp\/v2\/pages\/224","targetHints":{"allow":["GET"]}}],"collection":[{"href":"https:\/\/wafuneraria.com.br\/wa\/index.php?rest_route=\/wp\/v2\/pages"}],"about":[{"href":"https:\/\/wafuneraria.com.br\/wa\/index.php?rest_route=\/wp\/v2\/types\/page"}],"author":[{"embeddable":true,"href":"https:\/\/wafuneraria.com.br\/wa\/index.php?rest_route=\/wp\/v2\/users\/1"}],"replies":[{"embeddable":true,"href":"https:\/\/wafuneraria.com.br\/wa\/index.php?rest_route=%2Fwp%2Fv2%2Fcomments&post=224"}],"version-history":[{"count":39,"href":"https:\/\/wafuneraria.com.br\/wa\/index.php?rest_route=\/wp\/v2\/pages\/224\/revisions"}],"predecessor-version":[{"id":1145,"href":"https:\/\/wafuneraria.com.br\/wa\/index.php?rest_route=\/wp\/v2\/pages\/224\/revisions\/1145"}],"up":[{"embeddable":true,"href":"https:\/\/wafuneraria.com.br\/wa\/index.php?rest_route=\/wp\/v2\/pages\/4"}],"wp:featuredmedia":[{"embeddable":true,"href":"https:\/\/wafuneraria.com.br\/wa\/index.php?rest_route=\/wp\/v2\/media\/311"}],"wp:attachment":[{"href":"https:\/\/wafuneraria.com.br\/wa\/index.php?rest_route=%2Fwp%2Fv2%2Fmedia&parent=224"}],"curies":[{"name":"wp","href":"https:\/\/api.w.org\/{rel}","templated":true}]}}