{"id":222,"date":"2011-12-08T16:37:57","date_gmt":"2011-12-08T16:37:57","guid":{"rendered":"http:\/\/wafuneraria.com.br\/wa\/?page_id=222"},"modified":"2012-03-27T18:45:00","modified_gmt":"2012-03-27T18:45:00","slug":"sepultamentos","status":"publish","type":"page","link":"https:\/\/wafuneraria.com.br\/wa\/?page_id=222","title":{"rendered":"Sepultamentos"},"content":{"rendered":"<p>A <strong>WA Funer\u00e1ria<\/strong> Atua em todas as etapas que envolvem sepultamento.<\/p>\n<p><img loading=\"lazy\" decoding=\"async\" class=\"alignleft size-full wp-image-1091\" title=\"CARRO03\" src=\"http:\/\/wafuneraria.com.br\/wa\/wp-content\/uploads\/2011\/12\/CARRO031.jpg\" alt=\"\" width=\"300\" height=\"147\" \/>Atuamos desde a remo\u00e7\u00e3o &#8211; saindo de S\u00e3o Paulo litoral, Interior e Grande S\u00e3o Paulo, pelo menor valor por km rodado.<\/p>\n<p>Efetuamos o \u00a0despacho de certid\u00f5es e guias \u00a0necess\u00e1rias para que se realize o sepultamento dentro das normas legais vigentes em cada regi\u00e3o.<\/p>\n<p><strong>Dentre os servi\u00e7os prestados, destacamos:<\/strong><\/p>\n<p>&#8211; Higieniza\u00e7\u00e3o do corpo<br \/>\n&#8211;\u00a0Tanatopraxia<br \/>\n&#8211;\u00a0<a title=\"Remo\u00e7\u00e3o e traslados\" href=\"http:\/\/wafuneraria.com.br\/wa\/?page_id=224\" target=\"_blank\">Remo\u00e7\u00e3o e traslados<\/a><br \/>\n&#8211;\u00a0<a title=\"- Fornecimento de urnas mortu\u00e1rias \" href=\"http:\/\/wafuneraria.com.br\/wa\/?page_id=212\" target=\"_blank\">Fornecimento de urnas mortu\u00e1rias<\/a><br \/>\n&#8211;\u00a0Paramentos<br \/>\n&#8211;\u00a0Flores para ornamenta\u00e7\u00e3o<br \/>\n&#8211;\u00a0<a title=\"Coroa de flores\" href=\"http:\/\/wafuneraria.com.br\/wa\/?page_id=216\" target=\"_blank\">Coroa de flores<\/a><br \/>\n&#8211;\u00a0Expedientes burocr\u00e1ticos para libera\u00e7\u00e3o do corpo e\/ou expedi\u00e7\u00e3o de guias<br \/>\n&#8211;\u00a0<a title=\"Remo\u00e7\u00e3o \" href=\"http:\/\/wafuneraria.com.br\/wa\/?page_id=224\" target=\"_blank\">Remo\u00e7\u00e3o <\/a>e \/ ou cortejo do local de vel\u00f3rio ao local de sepultamento<br \/>\n&#8211;\u00a0Recep\u00e7\u00e3o de familiares no local sepultamento com kit caf\u00e9 ou ch\u00e1<br \/>\n&#8211;\u00a0Chamadas em jornais ou r\u00e1dios<\/p>\n<div class=\"shortcode-unorderedlist star\"><\/p>\n<p><a href=\"mailto:wafuneraria@wafuneraria.com.br\">Clique aqui<\/a> e fale conosco: <a href=\"mailto:wafuneraria@wafuneraria.com.br\">wafuneraria@wafuneraria.com.br<\/a><br \/>\n<a href=\"http:\/\/wafuneraria.com.br\/wa\/?page_id=115\">Clique aqui<\/a> e solicite nossa tabela especial para realiza\u00e7\u00e3o de traslados em parceria com outras empresas funer\u00e1rias do interior de SP ou de outros Estados do Brasil.<\/p>\n<p><\/div>\n\n<p style=\"text-align: center;\"><a href=\"http:\/\/wafuneraria.com.br\/wa\/?page_id=822\" class=\"woo-sc-button  custom\" style=\"background:;border-color:\"><span class=\"woo-\">AUTORIZA\u00c7\u00c3O DE SERVI\u00c7OS ON-LINE<\/span><\/a><\/p>\n","protected":false},"excerpt":{"rendered":"<p>A WA Funer\u00e1ria Atua em todas as etapas que envolvem sepultamento. Atuamos desde a remo\u00e7\u00e3o &#8211; saindo de S\u00e3o Paulo litoral, Interior e Grande S\u00e3o Paulo, pelo menor valor por km rodado. Efetuamos o \u00a0despacho de certid\u00f5es e guias \u00a0necess\u00e1rias para que se realize o sepultamento dentro das normas legais vigentes em cada regi\u00e3o. Dentre [&hellip;]<\/p>\n","protected":false},"author":1,"featured_media":325,"parent":4,"menu_order":0,"comment_status":"closed","ping_status":"closed","template":"","meta":{"footnotes":""},"class_list":["post-222","page","type-page","status-publish","has-post-thumbnail","hentry"],"yoast_head":"<!-- This site is optimized with the Yoast SEO plugin v24.2 - https:\/\/yoast.com\/wordpress\/plugins\/seo\/ -->\n<title>Funer\u00e1ria WA - Servi\u00e7os Funer\u00e1rios - S\u00e3o Paulo - Brasil<\/title>\n<meta name=\"description\" content=\"Servi\u00e7os funer\u00e1rios em S\u00e3o Paulo com Planos de Assist\u00eancia Funer\u00e1ria. Prestamos servi\u00e7os funer\u00e1rios de remo\u00e7\u00e3o ou traslados para outras empresas funer\u00e1rias especialmente na Cidade de S\u00e3o Paulo, al\u00e9m de traslados nacionais e internacionais.\" \/>\n<meta name=\"robots\" content=\"index, follow, max-snippet:-1, max-image-preview:large, max-video-preview:-1\" \/>\n<link rel=\"canonical\" href=\"https:\/\/wafuneraria.com.br\/wa\/?page_id=222\" \/>\n<meta property=\"og:locale\" content=\"pt_BR\" \/>\n<meta property=\"og:type\" content=\"article\" \/>\n<meta property=\"og:title\" content=\"Funer\u00e1ria WA - Servi\u00e7os Funer\u00e1rios - S\u00e3o Paulo - Brasil\" \/>\n<meta property=\"og:description\" content=\"Servi\u00e7os funer\u00e1rios em S\u00e3o Paulo com Planos de Assist\u00eancia Funer\u00e1ria. Prestamos servi\u00e7os funer\u00e1rios de remo\u00e7\u00e3o ou traslados para outras empresas funer\u00e1rias especialmente na Cidade de S\u00e3o Paulo, al\u00e9m de traslados nacionais e internacionais.\" \/>\n<meta property=\"og:url\" content=\"https:\/\/wafuneraria.com.br\/wa\/?page_id=222\" \/>\n<meta property=\"og:site_name\" content=\"WA FUNERARIA: parceria em servi\u00e7os funer\u00e1rios em SP.\" \/>\n<meta property=\"article:modified_time\" content=\"2012-03-27T18:45:00+00:00\" \/>\n<meta property=\"og:image\" content=\"https:\/\/wafuneraria.com.br\/wa\/wp-content\/uploads\/2011\/12\/carro_novo21.jpg\" \/>\n\t<meta property=\"og:image:width\" content=\"400\" \/>\n\t<meta property=\"og:image:height\" content=\"197\" \/>\n\t<meta property=\"og:image:type\" content=\"image\/jpeg\" \/>\n<meta name=\"twitter:label1\" content=\"Est. tempo de leitura\" \/>\n\t<meta name=\"twitter:data1\" content=\"1 minuto\" \/>\n<script type=\"application\/ld+json\" class=\"yoast-schema-graph\">{\"@context\":\"https:\/\/schema.org\",\"@graph\":[{\"@type\":\"WebPage\",\"@id\":\"https:\/\/wafuneraria.com.br\/wa\/?page_id=222\",\"url\":\"https:\/\/wafuneraria.com.br\/wa\/?page_id=222\",\"name\":\"Funer\u00e1ria WA - Servi\u00e7os Funer\u00e1rios - S\u00e3o Paulo - Brasil\",\"isPartOf\":{\"@id\":\"https:\/\/wafuneraria.com.br\/wa\/#website\"},\"primaryImageOfPage\":{\"@id\":\"https:\/\/wafuneraria.com.br\/wa\/?page_id=222#primaryimage\"},\"image\":{\"@id\":\"https:\/\/wafuneraria.com.br\/wa\/?page_id=222#primaryimage\"},\"thumbnailUrl\":\"https:\/\/wafuneraria.com.br\/wa\/wp-content\/uploads\/2011\/12\/carro_novo21.jpg\",\"datePublished\":\"2011-12-08T16:37:57+00:00\",\"dateModified\":\"2012-03-27T18:45:00+00:00\",\"description\":\"Servi\u00e7os funer\u00e1rios em S\u00e3o Paulo com Planos de Assist\u00eancia Funer\u00e1ria. Prestamos servi\u00e7os funer\u00e1rios de remo\u00e7\u00e3o ou traslados para outras empresas funer\u00e1rias especialmente na Cidade de S\u00e3o Paulo, al\u00e9m de traslados nacionais e internacionais.\",\"breadcrumb\":{\"@id\":\"https:\/\/wafuneraria.com.br\/wa\/?page_id=222#breadcrumb\"},\"inLanguage\":\"pt-BR\",\"potentialAction\":[{\"@type\":\"ReadAction\",\"target\":[\"https:\/\/wafuneraria.com.br\/wa\/?page_id=222\"]}]},{\"@type\":\"ImageObject\",\"inLanguage\":\"pt-BR\",\"@id\":\"https:\/\/wafuneraria.com.br\/wa\/?page_id=222#primaryimage\",\"url\":\"https:\/\/wafuneraria.com.br\/wa\/wp-content\/uploads\/2011\/12\/carro_novo21.jpg\",\"contentUrl\":\"https:\/\/wafuneraria.com.br\/wa\/wp-content\/uploads\/2011\/12\/carro_novo21.jpg\",\"width\":\"400\",\"height\":\"197\"},{\"@type\":\"BreadcrumbList\",\"@id\":\"https:\/\/wafuneraria.com.br\/wa\/?page_id=222#breadcrumb\",\"itemListElement\":[{\"@type\":\"ListItem\",\"position\":1,\"name\":\"Home\",\"item\":\"https:\/\/wafuneraria.com.br\/wa\"},{\"@type\":\"ListItem\",\"position\":2,\"name\":\"Servi\u00e7os\",\"item\":\"https:\/\/wafuneraria.com.br\/wa\/?page_id=4\"},{\"@type\":\"ListItem\",\"position\":3,\"name\":\"Sepultamentos\"}]},{\"@type\":\"WebSite\",\"@id\":\"https:\/\/wafuneraria.com.br\/wa\/#website\",\"url\":\"https:\/\/wafuneraria.com.br\/wa\/\",\"name\":\"WA FUNERARIA: parceria em servi\u00e7os funer\u00e1rios em SP.\",\"description\":\"Empresa de Servi\u00e7os Funer\u00e1rios - SP - BRAZIL\",\"potentialAction\":[{\"@type\":\"SearchAction\",\"target\":{\"@type\":\"EntryPoint\",\"urlTemplate\":\"https:\/\/wafuneraria.com.br\/wa\/?s={search_term_string}\"},\"query-input\":{\"@type\":\"PropertyValueSpecification\",\"valueRequired\":true,\"valueName\":\"search_term_string\"}}],\"inLanguage\":\"pt-BR\"}]}<\/script>\n<!-- \/ Yoast SEO plugin. -->","yoast_head_json":{"title":"Funer\u00e1ria WA - Servi\u00e7os Funer\u00e1rios - S\u00e3o Paulo - Brasil","description":"Servi\u00e7os funer\u00e1rios em S\u00e3o Paulo com Planos de Assist\u00eancia Funer\u00e1ria. Prestamos servi\u00e7os funer\u00e1rios de remo\u00e7\u00e3o ou traslados para outras empresas funer\u00e1rias especialmente na Cidade de S\u00e3o Paulo, al\u00e9m de traslados nacionais e internacionais.","robots":{"index":"index","follow":"follow","max-snippet":"max-snippet:-1","max-image-preview":"max-image-preview:large","max-video-preview":"max-video-preview:-1"},"canonical":"https:\/\/wafuneraria.com.br\/wa\/?page_id=222","og_locale":"pt_BR","og_type":"article","og_title":"Funer\u00e1ria WA - Servi\u00e7os Funer\u00e1rios - S\u00e3o Paulo - Brasil","og_description":"Servi\u00e7os funer\u00e1rios em S\u00e3o Paulo com Planos de Assist\u00eancia Funer\u00e1ria. Prestamos servi\u00e7os funer\u00e1rios de remo\u00e7\u00e3o ou traslados para outras empresas funer\u00e1rias especialmente na Cidade de S\u00e3o Paulo, al\u00e9m de traslados nacionais e internacionais.","og_url":"https:\/\/wafuneraria.com.br\/wa\/?page_id=222","og_site_name":"WA FUNERARIA: parceria em servi\u00e7os funer\u00e1rios em SP.","article_modified_time":"2012-03-27T18:45:00+00:00","og_image":[{"width":400,"height":197,"url":"https:\/\/wafuneraria.com.br\/wa\/wp-content\/uploads\/2011\/12\/carro_novo21.jpg","type":"image\/jpeg"}],"twitter_misc":{"Est. tempo de leitura":"1 minuto"},"schema":{"@context":"https:\/\/schema.org","@graph":[{"@type":"WebPage","@id":"https:\/\/wafuneraria.com.br\/wa\/?page_id=222","url":"https:\/\/wafuneraria.com.br\/wa\/?page_id=222","name":"Funer\u00e1ria WA - Servi\u00e7os Funer\u00e1rios - S\u00e3o Paulo - Brasil","isPartOf":{"@id":"https:\/\/wafuneraria.com.br\/wa\/#website"},"primaryImageOfPage":{"@id":"https:\/\/wafuneraria.com.br\/wa\/?page_id=222#primaryimage"},"image":{"@id":"https:\/\/wafuneraria.com.br\/wa\/?page_id=222#primaryimage"},"thumbnailUrl":"https:\/\/wafuneraria.com.br\/wa\/wp-content\/uploads\/2011\/12\/carro_novo21.jpg","datePublished":"2011-12-08T16:37:57+00:00","dateModified":"2012-03-27T18:45:00+00:00","description":"Servi\u00e7os funer\u00e1rios em S\u00e3o Paulo com Planos de Assist\u00eancia Funer\u00e1ria. Prestamos servi\u00e7os funer\u00e1rios de remo\u00e7\u00e3o ou traslados para outras empresas funer\u00e1rias especialmente na Cidade de S\u00e3o Paulo, al\u00e9m de traslados nacionais e internacionais.","breadcrumb":{"@id":"https:\/\/wafuneraria.com.br\/wa\/?page_id=222#breadcrumb"},"inLanguage":"pt-BR","potentialAction":[{"@type":"ReadAction","target":["https:\/\/wafuneraria.com.br\/wa\/?page_id=222"]}]},{"@type":"ImageObject","inLanguage":"pt-BR","@id":"https:\/\/wafuneraria.com.br\/wa\/?page_id=222#primaryimage","url":"https:\/\/wafuneraria.com.br\/wa\/wp-content\/uploads\/2011\/12\/carro_novo21.jpg","contentUrl":"https:\/\/wafuneraria.com.br\/wa\/wp-content\/uploads\/2011\/12\/carro_novo21.jpg","width":"400","height":"197"},{"@type":"BreadcrumbList","@id":"https:\/\/wafuneraria.com.br\/wa\/?page_id=222#breadcrumb","itemListElement":[{"@type":"ListItem","position":1,"name":"Home","item":"https:\/\/wafuneraria.com.br\/wa"},{"@type":"ListItem","position":2,"name":"Servi\u00e7os","item":"https:\/\/wafuneraria.com.br\/wa\/?page_id=4"},{"@type":"ListItem","position":3,"name":"Sepultamentos"}]},{"@type":"WebSite","@id":"https:\/\/wafuneraria.com.br\/wa\/#website","url":"https:\/\/wafuneraria.com.br\/wa\/","name":"WA FUNERARIA: parceria em servi\u00e7os funer\u00e1rios em SP.","description":"Empresa de Servi\u00e7os Funer\u00e1rios - SP - BRAZIL","potentialAction":[{"@type":"SearchAction","target":{"@type":"EntryPoint","urlTemplate":"https:\/\/wafuneraria.com.br\/wa\/?s={search_term_string}"},"query-input":{"@type":"PropertyValueSpecification","valueRequired":true,"valueName":"search_term_string"}}],"inLanguage":"pt-BR"}]}},"_links":{"self":[{"href":"https:\/\/wafuneraria.com.br\/wa\/index.php?rest_route=\/wp\/v2\/pages\/222","targetHints":{"allow":["GET"]}}],"collection":[{"href":"https:\/\/wafuneraria.com.br\/wa\/index.php?rest_route=\/wp\/v2\/pages"}],"about":[{"href":"https:\/\/wafuneraria.com.br\/wa\/index.php?rest_route=\/wp\/v2\/types\/page"}],"author":[{"embeddable":true,"href":"https:\/\/wafuneraria.com.br\/wa\/index.php?rest_route=\/wp\/v2\/users\/1"}],"replies":[{"embeddable":true,"href":"https:\/\/wafuneraria.com.br\/wa\/index.php?rest_route=%2Fwp%2Fv2%2Fcomments&post=222"}],"version-history":[{"count":49,"href":"https:\/\/wafuneraria.com.br\/wa\/index.php?rest_route=\/wp\/v2\/pages\/222\/revisions"}],"predecessor-version":[{"id":260,"href":"https:\/\/wafuneraria.com.br\/wa\/index.php?rest_route=\/wp\/v2\/pages\/222\/revisions\/260"}],"up":[{"embeddable":true,"href":"https:\/\/wafuneraria.com.br\/wa\/index.php?rest_route=\/wp\/v2\/pages\/4"}],"wp:featuredmedia":[{"embeddable":true,"href":"https:\/\/wafuneraria.com.br\/wa\/index.php?rest_route=\/wp\/v2\/media\/325"}],"wp:attachment":[{"href":"https:\/\/wafuneraria.com.br\/wa\/index.php?rest_route=%2Fwp%2Fv2%2Fmedia&parent=222"}],"curies":[{"name":"wp","href":"https:\/\/api.w.org\/{rel}","templated":true}]}}