{"id":2,"date":"2010-02-25T12:14:00","date_gmt":"2010-02-25T12:14:00","guid":{"rendered":"http:\/\/wafuneraria.com.br\/wa\/?page_id=2"},"modified":"2015-05-13T19:52:19","modified_gmt":"2015-05-13T19:52:19","slug":"sobre","status":"publish","type":"page","link":"https:\/\/wafuneraria.com.br\/wa\/?page_id=2","title":{"rendered":"Empresa"},"content":{"rendered":"<p style=\"text-align: justify;\">A <strong>WA FUNER\u00c1RIA<\/strong> foi concebida ainda na d\u00e9cada de 90, com matriz sediada na Cidade de S\u00e3o Paulo.<br \/>\nPosteriormente a\u00a0empresa\u00a0ampliou sua atua\u00e7\u00e3o com a abertura de mais duas unidades de atendimento: Santa Gertrudes e, mais recentemente, a filial em Rio Claro.<\/p>\n<p style=\"text-align: justify;\"><img loading=\"lazy\" decoding=\"async\" class=\"alignleft size-full wp-image-1094\" title=\"CARRO_02\" src=\"http:\/\/wafuneraria.com.br\/wa\/wp-content\/uploads\/2010\/02\/CARRO_02.jpg\" alt=\"\" width=\"300\" height=\"147\" \/>Consolidamos nossos diferenciais e valores ao longo dos anos priorizando disponibilizar servi\u00e7os de assist\u00eancia funeral completa especialmente em \u00f3bitos ocorridos na Grande S\u00e3o Paulo, Litoral e demais Cidades do estado de S\u00e3o Paulo, disponibilizando uma das mais s\u00f3lidas estruturas pr\u00f3prias em remo\u00e7\u00f5es intermunicipais, prestando servi\u00e7os que incluem desde a libera\u00e7\u00e3o de remo\u00e7\u00e3o, \u00a0 expedi\u00e7\u00e3o de documenta\u00e7\u00e3o e o respectivo transporte &#8211; em moderna frota pr\u00f3pria &#8211; do corpo a seu local de destino, seja onde for, dentro do Estado de S\u00e3o Paulo e divisas, atuando em sepultamentos ou crema\u00e7\u00f5es.<\/p>\n<p style=\"text-align: justify;\">Temos especializa\u00e7\u00e3o ainda em servi\u00e7os\u00a0funer\u00e1rios\u00a0especiais que requeiram traslados a\u00e9reos para qualquer cidade do Brasil e traslados internacionais ( repatriamentos).<\/p>\n<p style=\"text-align: justify;\">Nosso portfolio de servi\u00e7os \u00e9 um dos mais completos de S\u00e3o Paulo, atendendo com efici\u00eancia tanto a nossos associados, quanto a clientes particulares \u00a0ou funer\u00e1rios de outros Estados, que nos procuram para complementar atendimento em todas as Cidades do estado.<\/p>\n<p style=\"text-align: justify;\">Nossa empresa possui loja de flores pr\u00f3pria, com entregas ou despachos de coroas de flores em \u00e2mbito intermunicipal e dentro de SP.<\/p>\n<p style=\"text-align: justify;\">O Cat\u00e1logo de Urnas disponibilizado por nossas lojas conjuga qualidade e diversidade a diferentes credos religiosos, com urnas fornecidas pelos maiores fabricantes do Pa\u00eds.<\/p>\n<p style=\"text-align: justify;\">Al\u00e9m de atender a associados de nossos planos e realizamos servi\u00e7os funer\u00e1rios particulares, a <strong>WA FUNER\u00c1RIA<\/strong> tem ainda atendimento diferenciado para empresas funer\u00e1rias de outras localidades do Pa\u00eds bem como companhias seguradoras, com \u00a0atendimento personalizado, efici\u00eancia, agilidade e \u00e9tica: valores \u00a0que comp\u00f5e a \u00a0tradi\u00e7\u00e3o do Grupo WA: excel\u00eancia e qualidade \u00a0em servi\u00e7os funer\u00e1rios.<\/p>\n<p>&nbsp;<\/p>\n","protected":false},"excerpt":{"rendered":"<p>A WA FUNER\u00c1RIA foi concebida ainda na d\u00e9cada de 90, com matriz sediada na Cidade de S\u00e3o Paulo. Posteriormente a\u00a0empresa\u00a0ampliou sua atua\u00e7\u00e3o com a abertura de mais duas unidades de atendimento: Santa Gertrudes e, mais recentemente, a filial em Rio Claro. Consolidamos nossos diferenciais e valores ao longo dos anos priorizando disponibilizar servi\u00e7os de assist\u00eancia [&hellip;]<\/p>\n","protected":false},"author":1,"featured_media":0,"parent":0,"menu_order":8,"comment_status":"closed","ping_status":"closed","template":"","meta":{"footnotes":""},"class_list":["post-2","page","type-page","status-publish","hentry"],"yoast_head":"<!-- This site is optimized with the Yoast SEO plugin v24.2 - https:\/\/yoast.com\/wordpress\/plugins\/seo\/ -->\n<title>Funer\u00e1ria WA - Servi\u00e7os Funer\u00e1rios - S\u00e3o Paulo - Brasil<\/title>\n<meta name=\"description\" content=\"Servi\u00e7os funer\u00e1rios em S\u00e3o Paulo com Planos de Assist\u00eancia Funer\u00e1ria. Prestamos servi\u00e7os funer\u00e1rios de remo\u00e7\u00e3o ou traslados para outras empresas funer\u00e1rias especialmente na Cidade de S\u00e3o Paulo, al\u00e9m de traslados nacionais e internacionais.\" \/>\n<meta name=\"robots\" content=\"index, follow, max-snippet:-1, max-image-preview:large, max-video-preview:-1\" \/>\n<link rel=\"canonical\" href=\"https:\/\/wafuneraria.com.br\/wa\/?page_id=2\" \/>\n<meta property=\"og:locale\" content=\"pt_BR\" \/>\n<meta property=\"og:type\" content=\"article\" \/>\n<meta property=\"og:title\" content=\"Funer\u00e1ria WA - Servi\u00e7os Funer\u00e1rios - S\u00e3o Paulo - Brasil\" \/>\n<meta property=\"og:description\" content=\"Servi\u00e7os funer\u00e1rios em S\u00e3o Paulo com Planos de Assist\u00eancia Funer\u00e1ria. Prestamos servi\u00e7os funer\u00e1rios de remo\u00e7\u00e3o ou traslados para outras empresas funer\u00e1rias especialmente na Cidade de S\u00e3o Paulo, al\u00e9m de traslados nacionais e internacionais.\" \/>\n<meta property=\"og:url\" content=\"https:\/\/wafuneraria.com.br\/wa\/?page_id=2\" \/>\n<meta property=\"og:site_name\" content=\"WA FUNERARIA: parceria em servi\u00e7os funer\u00e1rios em SP.\" \/>\n<meta property=\"article:modified_time\" content=\"2015-05-13T19:52:19+00:00\" \/>\n<meta property=\"og:image\" content=\"http:\/\/wafuneraria.com.br\/wa\/wp-content\/uploads\/2010\/02\/CARRO_02.jpg\" \/>\n<meta name=\"twitter:label1\" content=\"Est. tempo de leitura\" \/>\n\t<meta name=\"twitter:data1\" content=\"2 minutos\" \/>\n<script type=\"application\/ld+json\" class=\"yoast-schema-graph\">{\"@context\":\"https:\/\/schema.org\",\"@graph\":[{\"@type\":\"WebPage\",\"@id\":\"https:\/\/wafuneraria.com.br\/wa\/?page_id=2\",\"url\":\"https:\/\/wafuneraria.com.br\/wa\/?page_id=2\",\"name\":\"Funer\u00e1ria WA - Servi\u00e7os Funer\u00e1rios - S\u00e3o Paulo - Brasil\",\"isPartOf\":{\"@id\":\"https:\/\/wafuneraria.com.br\/wa\/#website\"},\"primaryImageOfPage\":{\"@id\":\"https:\/\/wafuneraria.com.br\/wa\/?page_id=2#primaryimage\"},\"image\":{\"@id\":\"https:\/\/wafuneraria.com.br\/wa\/?page_id=2#primaryimage\"},\"thumbnailUrl\":\"http:\/\/wafuneraria.com.br\/wa\/wp-content\/uploads\/2010\/02\/CARRO_02.jpg\",\"datePublished\":\"2010-02-25T12:14:00+00:00\",\"dateModified\":\"2015-05-13T19:52:19+00:00\",\"description\":\"Servi\u00e7os funer\u00e1rios em S\u00e3o Paulo com Planos de Assist\u00eancia Funer\u00e1ria. Prestamos servi\u00e7os funer\u00e1rios de remo\u00e7\u00e3o ou traslados para outras empresas funer\u00e1rias especialmente na Cidade de S\u00e3o Paulo, al\u00e9m de traslados nacionais e internacionais.\",\"breadcrumb\":{\"@id\":\"https:\/\/wafuneraria.com.br\/wa\/?page_id=2#breadcrumb\"},\"inLanguage\":\"pt-BR\",\"potentialAction\":[{\"@type\":\"ReadAction\",\"target\":[\"https:\/\/wafuneraria.com.br\/wa\/?page_id=2\"]}]},{\"@type\":\"ImageObject\",\"inLanguage\":\"pt-BR\",\"@id\":\"https:\/\/wafuneraria.com.br\/wa\/?page_id=2#primaryimage\",\"url\":\"https:\/\/wafuneraria.com.br\/wa\/wp-content\/uploads\/2010\/02\/CARRO_02.jpg\",\"contentUrl\":\"https:\/\/wafuneraria.com.br\/wa\/wp-content\/uploads\/2010\/02\/CARRO_02.jpg\",\"width\":\"300\",\"height\":\"147\"},{\"@type\":\"BreadcrumbList\",\"@id\":\"https:\/\/wafuneraria.com.br\/wa\/?page_id=2#breadcrumb\",\"itemListElement\":[{\"@type\":\"ListItem\",\"position\":1,\"name\":\"Home\",\"item\":\"https:\/\/wafuneraria.com.br\/wa\"},{\"@type\":\"ListItem\",\"position\":2,\"name\":\"Empresa\"}]},{\"@type\":\"WebSite\",\"@id\":\"https:\/\/wafuneraria.com.br\/wa\/#website\",\"url\":\"https:\/\/wafuneraria.com.br\/wa\/\",\"name\":\"WA FUNERARIA: parceria em servi\u00e7os funer\u00e1rios em SP.\",\"description\":\"Empresa de Servi\u00e7os Funer\u00e1rios - SP - BRAZIL\",\"potentialAction\":[{\"@type\":\"SearchAction\",\"target\":{\"@type\":\"EntryPoint\",\"urlTemplate\":\"https:\/\/wafuneraria.com.br\/wa\/?s={search_term_string}\"},\"query-input\":{\"@type\":\"PropertyValueSpecification\",\"valueRequired\":true,\"valueName\":\"search_term_string\"}}],\"inLanguage\":\"pt-BR\"}]}<\/script>\n<!-- \/ Yoast SEO plugin. -->","yoast_head_json":{"title":"Funer\u00e1ria WA - Servi\u00e7os Funer\u00e1rios - S\u00e3o Paulo - Brasil","description":"Servi\u00e7os funer\u00e1rios em S\u00e3o Paulo com Planos de Assist\u00eancia Funer\u00e1ria. Prestamos servi\u00e7os funer\u00e1rios de remo\u00e7\u00e3o ou traslados para outras empresas funer\u00e1rias especialmente na Cidade de S\u00e3o Paulo, al\u00e9m de traslados nacionais e internacionais.","robots":{"index":"index","follow":"follow","max-snippet":"max-snippet:-1","max-image-preview":"max-image-preview:large","max-video-preview":"max-video-preview:-1"},"canonical":"https:\/\/wafuneraria.com.br\/wa\/?page_id=2","og_locale":"pt_BR","og_type":"article","og_title":"Funer\u00e1ria WA - Servi\u00e7os Funer\u00e1rios - S\u00e3o Paulo - Brasil","og_description":"Servi\u00e7os funer\u00e1rios em S\u00e3o Paulo com Planos de Assist\u00eancia Funer\u00e1ria. Prestamos servi\u00e7os funer\u00e1rios de remo\u00e7\u00e3o ou traslados para outras empresas funer\u00e1rias especialmente na Cidade de S\u00e3o Paulo, al\u00e9m de traslados nacionais e internacionais.","og_url":"https:\/\/wafuneraria.com.br\/wa\/?page_id=2","og_site_name":"WA FUNERARIA: parceria em servi\u00e7os funer\u00e1rios em SP.","article_modified_time":"2015-05-13T19:52:19+00:00","og_image":[{"url":"http:\/\/wafuneraria.com.br\/wa\/wp-content\/uploads\/2010\/02\/CARRO_02.jpg","type":"","width":"","height":""}],"twitter_misc":{"Est. tempo de leitura":"2 minutos"},"schema":{"@context":"https:\/\/schema.org","@graph":[{"@type":"WebPage","@id":"https:\/\/wafuneraria.com.br\/wa\/?page_id=2","url":"https:\/\/wafuneraria.com.br\/wa\/?page_id=2","name":"Funer\u00e1ria WA - Servi\u00e7os Funer\u00e1rios - S\u00e3o Paulo - Brasil","isPartOf":{"@id":"https:\/\/wafuneraria.com.br\/wa\/#website"},"primaryImageOfPage":{"@id":"https:\/\/wafuneraria.com.br\/wa\/?page_id=2#primaryimage"},"image":{"@id":"https:\/\/wafuneraria.com.br\/wa\/?page_id=2#primaryimage"},"thumbnailUrl":"http:\/\/wafuneraria.com.br\/wa\/wp-content\/uploads\/2010\/02\/CARRO_02.jpg","datePublished":"2010-02-25T12:14:00+00:00","dateModified":"2015-05-13T19:52:19+00:00","description":"Servi\u00e7os funer\u00e1rios em S\u00e3o Paulo com Planos de Assist\u00eancia Funer\u00e1ria. Prestamos servi\u00e7os funer\u00e1rios de remo\u00e7\u00e3o ou traslados para outras empresas funer\u00e1rias especialmente na Cidade de S\u00e3o Paulo, al\u00e9m de traslados nacionais e internacionais.","breadcrumb":{"@id":"https:\/\/wafuneraria.com.br\/wa\/?page_id=2#breadcrumb"},"inLanguage":"pt-BR","potentialAction":[{"@type":"ReadAction","target":["https:\/\/wafuneraria.com.br\/wa\/?page_id=2"]}]},{"@type":"ImageObject","inLanguage":"pt-BR","@id":"https:\/\/wafuneraria.com.br\/wa\/?page_id=2#primaryimage","url":"https:\/\/wafuneraria.com.br\/wa\/wp-content\/uploads\/2010\/02\/CARRO_02.jpg","contentUrl":"https:\/\/wafuneraria.com.br\/wa\/wp-content\/uploads\/2010\/02\/CARRO_02.jpg","width":"300","height":"147"},{"@type":"BreadcrumbList","@id":"https:\/\/wafuneraria.com.br\/wa\/?page_id=2#breadcrumb","itemListElement":[{"@type":"ListItem","position":1,"name":"Home","item":"https:\/\/wafuneraria.com.br\/wa"},{"@type":"ListItem","position":2,"name":"Empresa"}]},{"@type":"WebSite","@id":"https:\/\/wafuneraria.com.br\/wa\/#website","url":"https:\/\/wafuneraria.com.br\/wa\/","name":"WA FUNERARIA: parceria em servi\u00e7os funer\u00e1rios em SP.","description":"Empresa de Servi\u00e7os Funer\u00e1rios - SP - BRAZIL","potentialAction":[{"@type":"SearchAction","target":{"@type":"EntryPoint","urlTemplate":"https:\/\/wafuneraria.com.br\/wa\/?s={search_term_string}"},"query-input":{"@type":"PropertyValueSpecification","valueRequired":true,"valueName":"search_term_string"}}],"inLanguage":"pt-BR"}]}},"_links":{"self":[{"href":"https:\/\/wafuneraria.com.br\/wa\/index.php?rest_route=\/wp\/v2\/pages\/2","targetHints":{"allow":["GET"]}}],"collection":[{"href":"https:\/\/wafuneraria.com.br\/wa\/index.php?rest_route=\/wp\/v2\/pages"}],"about":[{"href":"https:\/\/wafuneraria.com.br\/wa\/index.php?rest_route=\/wp\/v2\/types\/page"}],"author":[{"embeddable":true,"href":"https:\/\/wafuneraria.com.br\/wa\/index.php?rest_route=\/wp\/v2\/users\/1"}],"replies":[{"embeddable":true,"href":"https:\/\/wafuneraria.com.br\/wa\/index.php?rest_route=%2Fwp%2Fv2%2Fcomments&post=2"}],"version-history":[{"count":10,"href":"https:\/\/wafuneraria.com.br\/wa\/index.php?rest_route=\/wp\/v2\/pages\/2\/revisions"}],"predecessor-version":[{"id":1663,"href":"https:\/\/wafuneraria.com.br\/wa\/index.php?rest_route=\/wp\/v2\/pages\/2\/revisions\/1663"}],"wp:attachment":[{"href":"https:\/\/wafuneraria.com.br\/wa\/index.php?rest_route=%2Fwp%2Fv2%2Fmedia&parent=2"}],"curies":[{"name":"wp","href":"https:\/\/api.w.org\/{rel}","templated":true}]}}