{"id":120,"date":"2011-12-06T00:24:32","date_gmt":"2011-12-06T00:24:32","guid":{"rendered":"http:\/\/wafuneraria.com.br\/wa\/?page_id=120"},"modified":"2017-05-29T16:00:14","modified_gmt":"2017-05-29T16:00:14","slug":"contrate-seu-plano","status":"publish","type":"page","link":"https:\/\/wafuneraria.com.br\/wa\/?page_id=120","title":{"rendered":"Contrate seu Plano"},"content":{"rendered":"<p>Disponibilizamos <strong>servi\u00e7os funer\u00e1rios para S\u00e3o Paulo<\/strong> e <strong>traslados para todo o Brasil<\/strong>.<br \/>\n<span style=\"color: #ff0000;\"><strong>Comercializamos planos funer\u00e1rios apenas na cidade de Rio Claro e Regi\u00e3o (SP).<\/strong><\/span><\/p>\n<hr \/>\n<p>Contate-nos atrav\u00e9s de nosso e-mail ou pelos telefones:<br \/>\nUnidade S\u00e3o Paulo: Tels.: (11) 3982-2348 \/9 9971-4776<br \/>\nUnidade Rio Claro: Tels.: (19) 3525-4747 \/ 9 8125-3074<br \/>\nUnidade Santa Gertrudes: Tel.: (19) 3545-5254<\/p>\n<p><strong>Se desejar, contate-nos por e-mail:\u00a0<a href=\"mailto:wafuneraria@terra.com.br\" target=\"_blank\" rel=\"noopener noreferrer\">wafuneraria@terra.com.br<\/a><\/strong>.<\/p>\n<hr \/>\n<p>[si-contact-form form=&#8217;2&#8242;]<\/p>\n","protected":false},"excerpt":{"rendered":"<p>Disponibilizamos servi\u00e7os funer\u00e1rios para S\u00e3o Paulo e traslados para todo o Brasil. Comercializamos planos funer\u00e1rios apenas na cidade de Rio Claro e Regi\u00e3o (SP). Contate-nos atrav\u00e9s de nosso e-mail ou pelos telefones: Unidade S\u00e3o Paulo: Tels.: (11) 3982-2348 \/9 9971-4776 Unidade Rio Claro: Tels.: (19) 3525-4747 \/ 9 8125-3074 Unidade Santa Gertrudes: Tel.: (19) 3545-5254 [&hellip;]<\/p>\n","protected":false},"author":1,"featured_media":0,"parent":115,"menu_order":0,"comment_status":"closed","ping_status":"closed","template":"","meta":{"footnotes":""},"class_list":["post-120","page","type-page","status-publish","hentry"],"yoast_head":"<!-- This site is optimized with the Yoast SEO plugin v24.2 - https:\/\/yoast.com\/wordpress\/plugins\/seo\/ -->\n<title>Funer\u00e1ria WA - Servi\u00e7os Funer\u00e1rios - S\u00e3o Paulo - Brasil<\/title>\n<meta name=\"description\" content=\"Servi\u00e7os funer\u00e1rios em S\u00e3o Paulo com Planos de Assist\u00eancia Funer\u00e1ria. Prestamos servi\u00e7os funer\u00e1rios de remo\u00e7\u00e3o ou traslados para outras empresas funer\u00e1rias especialmente na Cidade de S\u00e3o Paulo, al\u00e9m de traslados nacionais e internacionais.\" \/>\n<meta name=\"robots\" content=\"index, follow, max-snippet:-1, max-image-preview:large, max-video-preview:-1\" \/>\n<link rel=\"canonical\" href=\"https:\/\/wafuneraria.com.br\/wa\/?page_id=120\" \/>\n<meta property=\"og:locale\" content=\"pt_BR\" \/>\n<meta property=\"og:type\" content=\"article\" \/>\n<meta property=\"og:title\" content=\"Funer\u00e1ria WA - Servi\u00e7os Funer\u00e1rios - S\u00e3o Paulo - Brasil\" \/>\n<meta property=\"og:description\" content=\"Servi\u00e7os funer\u00e1rios em S\u00e3o Paulo com Planos de Assist\u00eancia Funer\u00e1ria. Prestamos servi\u00e7os funer\u00e1rios de remo\u00e7\u00e3o ou traslados para outras empresas funer\u00e1rias especialmente na Cidade de S\u00e3o Paulo, al\u00e9m de traslados nacionais e internacionais.\" \/>\n<meta property=\"og:url\" content=\"https:\/\/wafuneraria.com.br\/wa\/?page_id=120\" \/>\n<meta property=\"og:site_name\" content=\"WA FUNERARIA: parceria em servi\u00e7os funer\u00e1rios em SP.\" \/>\n<meta property=\"article:modified_time\" content=\"2017-05-29T16:00:14+00:00\" \/>\n<script type=\"application\/ld+json\" class=\"yoast-schema-graph\">{\"@context\":\"https:\/\/schema.org\",\"@graph\":[{\"@type\":\"WebPage\",\"@id\":\"https:\/\/wafuneraria.com.br\/wa\/?page_id=120\",\"url\":\"https:\/\/wafuneraria.com.br\/wa\/?page_id=120\",\"name\":\"Funer\u00e1ria WA - Servi\u00e7os Funer\u00e1rios - S\u00e3o Paulo - Brasil\",\"isPartOf\":{\"@id\":\"https:\/\/wafuneraria.com.br\/wa\/#website\"},\"datePublished\":\"2011-12-06T00:24:32+00:00\",\"dateModified\":\"2017-05-29T16:00:14+00:00\",\"description\":\"Servi\u00e7os funer\u00e1rios em S\u00e3o Paulo com Planos de Assist\u00eancia Funer\u00e1ria. Prestamos servi\u00e7os funer\u00e1rios de remo\u00e7\u00e3o ou traslados para outras empresas funer\u00e1rias especialmente na Cidade de S\u00e3o Paulo, al\u00e9m de traslados nacionais e internacionais.\",\"breadcrumb\":{\"@id\":\"https:\/\/wafuneraria.com.br\/wa\/?page_id=120#breadcrumb\"},\"inLanguage\":\"pt-BR\",\"potentialAction\":[{\"@type\":\"ReadAction\",\"target\":[\"https:\/\/wafuneraria.com.br\/wa\/?page_id=120\"]}]},{\"@type\":\"BreadcrumbList\",\"@id\":\"https:\/\/wafuneraria.com.br\/wa\/?page_id=120#breadcrumb\",\"itemListElement\":[{\"@type\":\"ListItem\",\"position\":1,\"name\":\"Home\",\"item\":\"https:\/\/wafuneraria.com.br\/wa\"},{\"@type\":\"ListItem\",\"position\":2,\"name\":\"Contatos\",\"item\":\"https:\/\/wafuneraria.com.br\/wa\/?page_id=115\"},{\"@type\":\"ListItem\",\"position\":3,\"name\":\"Contrate seu Plano\"}]},{\"@type\":\"WebSite\",\"@id\":\"https:\/\/wafuneraria.com.br\/wa\/#website\",\"url\":\"https:\/\/wafuneraria.com.br\/wa\/\",\"name\":\"WA FUNERARIA: parceria em servi\u00e7os funer\u00e1rios em SP.\",\"description\":\"Empresa de Servi\u00e7os Funer\u00e1rios - SP - BRAZIL\",\"potentialAction\":[{\"@type\":\"SearchAction\",\"target\":{\"@type\":\"EntryPoint\",\"urlTemplate\":\"https:\/\/wafuneraria.com.br\/wa\/?s={search_term_string}\"},\"query-input\":{\"@type\":\"PropertyValueSpecification\",\"valueRequired\":true,\"valueName\":\"search_term_string\"}}],\"inLanguage\":\"pt-BR\"}]}<\/script>\n<!-- \/ Yoast SEO plugin. -->","yoast_head_json":{"title":"Funer\u00e1ria WA - Servi\u00e7os Funer\u00e1rios - S\u00e3o Paulo - Brasil","description":"Servi\u00e7os funer\u00e1rios em S\u00e3o Paulo com Planos de Assist\u00eancia Funer\u00e1ria. Prestamos servi\u00e7os funer\u00e1rios de remo\u00e7\u00e3o ou traslados para outras empresas funer\u00e1rias especialmente na Cidade de S\u00e3o Paulo, al\u00e9m de traslados nacionais e internacionais.","robots":{"index":"index","follow":"follow","max-snippet":"max-snippet:-1","max-image-preview":"max-image-preview:large","max-video-preview":"max-video-preview:-1"},"canonical":"https:\/\/wafuneraria.com.br\/wa\/?page_id=120","og_locale":"pt_BR","og_type":"article","og_title":"Funer\u00e1ria WA - Servi\u00e7os Funer\u00e1rios - S\u00e3o Paulo - Brasil","og_description":"Servi\u00e7os funer\u00e1rios em S\u00e3o Paulo com Planos de Assist\u00eancia Funer\u00e1ria. Prestamos servi\u00e7os funer\u00e1rios de remo\u00e7\u00e3o ou traslados para outras empresas funer\u00e1rias especialmente na Cidade de S\u00e3o Paulo, al\u00e9m de traslados nacionais e internacionais.","og_url":"https:\/\/wafuneraria.com.br\/wa\/?page_id=120","og_site_name":"WA FUNERARIA: parceria em servi\u00e7os funer\u00e1rios em SP.","article_modified_time":"2017-05-29T16:00:14+00:00","schema":{"@context":"https:\/\/schema.org","@graph":[{"@type":"WebPage","@id":"https:\/\/wafuneraria.com.br\/wa\/?page_id=120","url":"https:\/\/wafuneraria.com.br\/wa\/?page_id=120","name":"Funer\u00e1ria WA - Servi\u00e7os Funer\u00e1rios - S\u00e3o Paulo - Brasil","isPartOf":{"@id":"https:\/\/wafuneraria.com.br\/wa\/#website"},"datePublished":"2011-12-06T00:24:32+00:00","dateModified":"2017-05-29T16:00:14+00:00","description":"Servi\u00e7os funer\u00e1rios em S\u00e3o Paulo com Planos de Assist\u00eancia Funer\u00e1ria. Prestamos servi\u00e7os funer\u00e1rios de remo\u00e7\u00e3o ou traslados para outras empresas funer\u00e1rias especialmente na Cidade de S\u00e3o Paulo, al\u00e9m de traslados nacionais e internacionais.","breadcrumb":{"@id":"https:\/\/wafuneraria.com.br\/wa\/?page_id=120#breadcrumb"},"inLanguage":"pt-BR","potentialAction":[{"@type":"ReadAction","target":["https:\/\/wafuneraria.com.br\/wa\/?page_id=120"]}]},{"@type":"BreadcrumbList","@id":"https:\/\/wafuneraria.com.br\/wa\/?page_id=120#breadcrumb","itemListElement":[{"@type":"ListItem","position":1,"name":"Home","item":"https:\/\/wafuneraria.com.br\/wa"},{"@type":"ListItem","position":2,"name":"Contatos","item":"https:\/\/wafuneraria.com.br\/wa\/?page_id=115"},{"@type":"ListItem","position":3,"name":"Contrate seu Plano"}]},{"@type":"WebSite","@id":"https:\/\/wafuneraria.com.br\/wa\/#website","url":"https:\/\/wafuneraria.com.br\/wa\/","name":"WA FUNERARIA: parceria em servi\u00e7os funer\u00e1rios em SP.","description":"Empresa de Servi\u00e7os Funer\u00e1rios - SP - BRAZIL","potentialAction":[{"@type":"SearchAction","target":{"@type":"EntryPoint","urlTemplate":"https:\/\/wafuneraria.com.br\/wa\/?s={search_term_string}"},"query-input":{"@type":"PropertyValueSpecification","valueRequired":true,"valueName":"search_term_string"}}],"inLanguage":"pt-BR"}]}},"_links":{"self":[{"href":"https:\/\/wafuneraria.com.br\/wa\/index.php?rest_route=\/wp\/v2\/pages\/120","targetHints":{"allow":["GET"]}}],"collection":[{"href":"https:\/\/wafuneraria.com.br\/wa\/index.php?rest_route=\/wp\/v2\/pages"}],"about":[{"href":"https:\/\/wafuneraria.com.br\/wa\/index.php?rest_route=\/wp\/v2\/types\/page"}],"author":[{"embeddable":true,"href":"https:\/\/wafuneraria.com.br\/wa\/index.php?rest_route=\/wp\/v2\/users\/1"}],"replies":[{"embeddable":true,"href":"https:\/\/wafuneraria.com.br\/wa\/index.php?rest_route=%2Fwp%2Fv2%2Fcomments&post=120"}],"version-history":[{"count":12,"href":"https:\/\/wafuneraria.com.br\/wa\/index.php?rest_route=\/wp\/v2\/pages\/120\/revisions"}],"predecessor-version":[{"id":2196,"href":"https:\/\/wafuneraria.com.br\/wa\/index.php?rest_route=\/wp\/v2\/pages\/120\/revisions\/2196"}],"up":[{"embeddable":true,"href":"https:\/\/wafuneraria.com.br\/wa\/index.php?rest_route=\/wp\/v2\/pages\/115"}],"wp:attachment":[{"href":"https:\/\/wafuneraria.com.br\/wa\/index.php?rest_route=%2Fwp%2Fv2%2Fmedia&parent=120"}],"curies":[{"name":"wp","href":"https:\/\/api.w.org\/{rel}","templated":true}]}}