{"id":115,"date":"2011-12-05T23:32:33","date_gmt":"2011-12-05T23:32:33","guid":{"rendered":"http:\/\/wafuneraria.com.br\/wa\/?page_id=115"},"modified":"2018-11-10T18:03:26","modified_gmt":"2018-11-10T18:03:26","slug":"fale-conosco","status":"publish","type":"page","link":"https:\/\/wafuneraria.com.br\/wa\/?page_id=115","title":{"rendered":"Contatos"},"content":{"rendered":"<h3>Disponibilizamos <strong>servi\u00e7os funer\u00e1rios para S\u00e3o Paulo<\/strong> e <strong>traslados para todo o Brasil<\/strong>.<br \/>\n<span style=\"color: #ff0000;\"><strong>Comercializamos planos funer\u00e1rios apenas na cidade de Rio Claro e Regi\u00e3o (SP).<\/strong><\/span><\/h3>\n<p>&nbsp;<br \/>\n[whatsapp phone=&#8221;5511995600235&#8243; blank=&#8221;true&#8221;]WhatsApp On-Line[\/whatsapp]<br \/>\n&nbsp;<\/p>\n<p>Contate-nos atrav\u00e9s de nosso e-mail ou pelos telefones:<br \/>\nUnidade S\u00e3o Paulo: Tels.: (11) 3982-2348 \/9 9971-4776<br \/>\nUnidade Rio Claro: Tels.: (19) 3525-4747 \/ 9 8125-3074<br \/>\nUnidade Santa Gertrudes: Tel.: (19) 3545-5254<\/p>\n<p><strong>Se desejar, contate-nos diretamente pelo site\u00a0preenchendo\u00a0o breve formul\u00e1rio abaixo<\/strong>.<\/p>\n<p>Para autorizar realiza\u00e7\u00e3o de servi\u00e7os funer\u00e1rios, <a title=\"Autorizacao de servi\u00e7os\" href=\"http:\/\/wafuneraria.com.br\/wa\/?page_id=822\" target=\"_blank\" rel=\"noopener noreferrer\">clique aqui<\/a>.<br \/>\nPara contratar nossos planos de assist\u00eancia funer\u00e1ria, <a title=\"Cadastre-se para contratar um plano de assist\u00eanvia funer\u00e1ria da WA\" href=\"http:\/\/wafuneraria.com.br\/wa\/?page_id=120\" target=\"_blank\" rel=\"noopener noreferrer\">clique aqui<\/a>.<br \/>\nPara Enviar mensagem de Condol\u00eancias a familias enlutadas, <a title=\"Enviar mensagem de condol\u00eancias\" href=\"http:\/\/wafuneraria.com.br\/wa\/?page_id=1001\" target=\"_blank\" rel=\"noopener noreferrer\">clique aqui<\/a>.<br \/>\nPara solicitar coroas de flores, <a title=\"clique para enviar coroa de flores\" href=\"http:\/\/wafuneraria.com.br\/wa\/?page_id=216\" target=\"_blank\" rel=\"noopener noreferrer\">clique aqui<\/a>.<\/p>\n","protected":false},"excerpt":{"rendered":"<p>Disponibilizamos servi\u00e7os funer\u00e1rios para S\u00e3o Paulo e traslados para todo o Brasil. Comercializamos planos funer\u00e1rios apenas na cidade de Rio Claro e Regi\u00e3o (SP). &nbsp; [whatsapp phone=&#8221;5511995600235&#8243; blank=&#8221;true&#8221;]WhatsApp On-Line[\/whatsapp] &nbsp; Contate-nos atrav\u00e9s de nosso e-mail ou pelos telefones: Unidade S\u00e3o Paulo: Tels.: (11) 3982-2348 \/9 9971-4776 Unidade Rio Claro: Tels.: (19) 3525-4747 \/ 9 8125-3074 [&hellip;]<\/p>\n","protected":false},"author":1,"featured_media":0,"parent":0,"menu_order":10,"comment_status":"closed","ping_status":"closed","template":"","meta":{"footnotes":""},"class_list":["post-115","page","type-page","status-publish","hentry"],"yoast_head":"<!-- This site is optimized with the Yoast SEO plugin v24.2 - https:\/\/yoast.com\/wordpress\/plugins\/seo\/ -->\n<title>Funer\u00e1ria WA - Servi\u00e7os Funer\u00e1rios - S\u00e3o Paulo - Brasil<\/title>\n<meta name=\"description\" content=\"Servi\u00e7os funer\u00e1rios em S\u00e3o Paulo com Planos de Assist\u00eancia Funer\u00e1ria. Prestamos servi\u00e7os funer\u00e1rios de remo\u00e7\u00e3o ou traslados para outras empresas funer\u00e1rias especialmente na Cidade de S\u00e3o Paulo, al\u00e9m de traslados nacionais e internacionais.\" \/>\n<meta name=\"robots\" content=\"index, follow, max-snippet:-1, max-image-preview:large, max-video-preview:-1\" \/>\n<link rel=\"canonical\" href=\"https:\/\/wafuneraria.com.br\/wa\/?page_id=115\" \/>\n<meta property=\"og:locale\" content=\"pt_BR\" \/>\n<meta property=\"og:type\" content=\"article\" \/>\n<meta property=\"og:title\" content=\"Funer\u00e1ria WA - Servi\u00e7os Funer\u00e1rios - S\u00e3o Paulo - Brasil\" \/>\n<meta property=\"og:description\" content=\"Servi\u00e7os funer\u00e1rios em S\u00e3o Paulo com Planos de Assist\u00eancia Funer\u00e1ria. Prestamos servi\u00e7os funer\u00e1rios de remo\u00e7\u00e3o ou traslados para outras empresas funer\u00e1rias especialmente na Cidade de S\u00e3o Paulo, al\u00e9m de traslados nacionais e internacionais.\" \/>\n<meta property=\"og:url\" content=\"https:\/\/wafuneraria.com.br\/wa\/?page_id=115\" \/>\n<meta property=\"og:site_name\" content=\"WA FUNERARIA: parceria em servi\u00e7os funer\u00e1rios em SP.\" \/>\n<meta property=\"article:modified_time\" content=\"2018-11-10T18:03:26+00:00\" \/>\n<meta name=\"twitter:label1\" content=\"Est. tempo de leitura\" \/>\n\t<meta name=\"twitter:data1\" content=\"1 minuto\" \/>\n<script type=\"application\/ld+json\" class=\"yoast-schema-graph\">{\"@context\":\"https:\/\/schema.org\",\"@graph\":[{\"@type\":\"WebPage\",\"@id\":\"https:\/\/wafuneraria.com.br\/wa\/?page_id=115\",\"url\":\"https:\/\/wafuneraria.com.br\/wa\/?page_id=115\",\"name\":\"Funer\u00e1ria WA - Servi\u00e7os Funer\u00e1rios - S\u00e3o Paulo - Brasil\",\"isPartOf\":{\"@id\":\"http:\/\/wafuneraria.com.br\/wa\/#website\"},\"datePublished\":\"2011-12-05T23:32:33+00:00\",\"dateModified\":\"2018-11-10T18:03:26+00:00\",\"description\":\"Servi\u00e7os funer\u00e1rios em S\u00e3o Paulo com Planos de Assist\u00eancia Funer\u00e1ria. Prestamos servi\u00e7os funer\u00e1rios de remo\u00e7\u00e3o ou traslados para outras empresas funer\u00e1rias especialmente na Cidade de S\u00e3o Paulo, al\u00e9m de traslados nacionais e internacionais.\",\"breadcrumb\":{\"@id\":\"https:\/\/wafuneraria.com.br\/wa\/?page_id=115#breadcrumb\"},\"inLanguage\":\"pt-BR\",\"potentialAction\":[{\"@type\":\"ReadAction\",\"target\":[\"https:\/\/wafuneraria.com.br\/wa\/?page_id=115\"]}]},{\"@type\":\"BreadcrumbList\",\"@id\":\"https:\/\/wafuneraria.com.br\/wa\/?page_id=115#breadcrumb\",\"itemListElement\":[{\"@type\":\"ListItem\",\"position\":1,\"name\":\"Home\",\"item\":\"http:\/\/wafuneraria.com.br\/wa\"},{\"@type\":\"ListItem\",\"position\":2,\"name\":\"Contatos\"}]},{\"@type\":\"WebSite\",\"@id\":\"http:\/\/wafuneraria.com.br\/wa\/#website\",\"url\":\"http:\/\/wafuneraria.com.br\/wa\/\",\"name\":\"WA FUNERARIA: parceria em servi\u00e7os funer\u00e1rios em SP.\",\"description\":\"Empresa de Servi\u00e7os Funer\u00e1rios - SP - BRAZIL\",\"potentialAction\":[{\"@type\":\"SearchAction\",\"target\":{\"@type\":\"EntryPoint\",\"urlTemplate\":\"http:\/\/wafuneraria.com.br\/wa\/?s={search_term_string}\"},\"query-input\":{\"@type\":\"PropertyValueSpecification\",\"valueRequired\":true,\"valueName\":\"search_term_string\"}}],\"inLanguage\":\"pt-BR\"}]}<\/script>\n<!-- \/ Yoast SEO plugin. -->","yoast_head_json":{"title":"Funer\u00e1ria WA - Servi\u00e7os Funer\u00e1rios - S\u00e3o Paulo - Brasil","description":"Servi\u00e7os funer\u00e1rios em S\u00e3o Paulo com Planos de Assist\u00eancia Funer\u00e1ria. Prestamos servi\u00e7os funer\u00e1rios de remo\u00e7\u00e3o ou traslados para outras empresas funer\u00e1rias especialmente na Cidade de S\u00e3o Paulo, al\u00e9m de traslados nacionais e internacionais.","robots":{"index":"index","follow":"follow","max-snippet":"max-snippet:-1","max-image-preview":"max-image-preview:large","max-video-preview":"max-video-preview:-1"},"canonical":"https:\/\/wafuneraria.com.br\/wa\/?page_id=115","og_locale":"pt_BR","og_type":"article","og_title":"Funer\u00e1ria WA - Servi\u00e7os Funer\u00e1rios - S\u00e3o Paulo - Brasil","og_description":"Servi\u00e7os funer\u00e1rios em S\u00e3o Paulo com Planos de Assist\u00eancia Funer\u00e1ria. Prestamos servi\u00e7os funer\u00e1rios de remo\u00e7\u00e3o ou traslados para outras empresas funer\u00e1rias especialmente na Cidade de S\u00e3o Paulo, al\u00e9m de traslados nacionais e internacionais.","og_url":"https:\/\/wafuneraria.com.br\/wa\/?page_id=115","og_site_name":"WA FUNERARIA: parceria em servi\u00e7os funer\u00e1rios em SP.","article_modified_time":"2018-11-10T18:03:26+00:00","twitter_misc":{"Est. tempo de leitura":"1 minuto"},"schema":{"@context":"https:\/\/schema.org","@graph":[{"@type":"WebPage","@id":"https:\/\/wafuneraria.com.br\/wa\/?page_id=115","url":"https:\/\/wafuneraria.com.br\/wa\/?page_id=115","name":"Funer\u00e1ria WA - Servi\u00e7os Funer\u00e1rios - S\u00e3o Paulo - Brasil","isPartOf":{"@id":"http:\/\/wafuneraria.com.br\/wa\/#website"},"datePublished":"2011-12-05T23:32:33+00:00","dateModified":"2018-11-10T18:03:26+00:00","description":"Servi\u00e7os funer\u00e1rios em S\u00e3o Paulo com Planos de Assist\u00eancia Funer\u00e1ria. Prestamos servi\u00e7os funer\u00e1rios de remo\u00e7\u00e3o ou traslados para outras empresas funer\u00e1rias especialmente na Cidade de S\u00e3o Paulo, al\u00e9m de traslados nacionais e internacionais.","breadcrumb":{"@id":"https:\/\/wafuneraria.com.br\/wa\/?page_id=115#breadcrumb"},"inLanguage":"pt-BR","potentialAction":[{"@type":"ReadAction","target":["https:\/\/wafuneraria.com.br\/wa\/?page_id=115"]}]},{"@type":"BreadcrumbList","@id":"https:\/\/wafuneraria.com.br\/wa\/?page_id=115#breadcrumb","itemListElement":[{"@type":"ListItem","position":1,"name":"Home","item":"http:\/\/wafuneraria.com.br\/wa"},{"@type":"ListItem","position":2,"name":"Contatos"}]},{"@type":"WebSite","@id":"http:\/\/wafuneraria.com.br\/wa\/#website","url":"http:\/\/wafuneraria.com.br\/wa\/","name":"WA FUNERARIA: parceria em servi\u00e7os funer\u00e1rios em SP.","description":"Empresa de Servi\u00e7os Funer\u00e1rios - SP - BRAZIL","potentialAction":[{"@type":"SearchAction","target":{"@type":"EntryPoint","urlTemplate":"http:\/\/wafuneraria.com.br\/wa\/?s={search_term_string}"},"query-input":{"@type":"PropertyValueSpecification","valueRequired":true,"valueName":"search_term_string"}}],"inLanguage":"pt-BR"}]}},"_links":{"self":[{"href":"https:\/\/wafuneraria.com.br\/wa\/index.php?rest_route=\/wp\/v2\/pages\/115","targetHints":{"allow":["GET"]}}],"collection":[{"href":"https:\/\/wafuneraria.com.br\/wa\/index.php?rest_route=\/wp\/v2\/pages"}],"about":[{"href":"https:\/\/wafuneraria.com.br\/wa\/index.php?rest_route=\/wp\/v2\/types\/page"}],"author":[{"embeddable":true,"href":"https:\/\/wafuneraria.com.br\/wa\/index.php?rest_route=\/wp\/v2\/users\/1"}],"replies":[{"embeddable":true,"href":"https:\/\/wafuneraria.com.br\/wa\/index.php?rest_route=%2Fwp%2Fv2%2Fcomments&post=115"}],"version-history":[{"count":17,"href":"https:\/\/wafuneraria.com.br\/wa\/index.php?rest_route=\/wp\/v2\/pages\/115\/revisions"}],"predecessor-version":[{"id":2285,"href":"https:\/\/wafuneraria.com.br\/wa\/index.php?rest_route=\/wp\/v2\/pages\/115\/revisions\/2285"}],"wp:attachment":[{"href":"https:\/\/wafuneraria.com.br\/wa\/index.php?rest_route=%2Fwp%2Fv2%2Fmedia&parent=115"}],"curies":[{"name":"wp","href":"https:\/\/api.w.org\/{rel}","templated":true}]}}