{"id":102,"date":"2011-12-05T23:19:05","date_gmt":"2011-12-05T23:19:05","guid":{"rendered":"http:\/\/wafuneraria.com.br\/wa\/?page_id=102"},"modified":"2017-05-29T16:01:12","modified_gmt":"2017-05-29T16:01:12","slug":"plano-luxo-2","status":"publish","type":"page","link":"https:\/\/wafuneraria.com.br\/wa\/?page_id=102","title":{"rendered":"Super Luxo &#8211; Orqu\u00eddea"},"content":{"rendered":"<p>Disponibilizamos <strong>servi\u00e7os funer\u00e1rios para S\u00e3o Paulo<\/strong> e <strong>traslados para todo o Brasil<\/strong>.<br \/>\n<span style=\"color: #ff0000;\"><strong>Comercializamos planos funer\u00e1rios apenas na cidade de Rio Claro e Regi\u00e3o (SP).<\/strong><\/span><\/p>\n<hr \/>\n<p><a href=\"http:\/\/wafuneraria.com.br\/wa\/wp-content\/uploads\/2011\/12\/orquidea.jpg\" target=\"_blank\" rel=\"noopener noreferrer\" data-rel=\"lightbox-image-0\" data-rl_title=\"\" data-rl_caption=\"\"><img loading=\"lazy\" decoding=\"async\" class=\"alignleft wp-image-251 size-full\" title=\"\" src=\"http:\/\/wafuneraria.com.br\/wa\/wp-content\/uploads\/2011\/12\/orquidea.jpg\" alt=\"Plano Funer\u00e1rio SP\" width=\"300\" height=\"283\" \/><\/a>O\u00a0Plano de Assist\u00eancia Funer\u00e1ria padr\u00e3o\u00a0<strong>SUPER LUXO\u00a0ORQU\u00cdDEA<\/strong>, tem a qualidade \u00a0assegurada pelo <strong>Grupo WA\u00a0Funer\u00e1ria<\/strong>: fornecendo atendimento de qualidade e servi\u00e7os funer\u00e1rios completos no momento que a sua fam\u00edlia mais precisa.<\/p>\n<p>O plano padr\u00e3o\u00a0<strong>SUPER LUXO ORQU\u00cdDEA<\/strong>\u00a0oferece \u00a0benef\u00edcios exclusivos e adicionais de um plano\u00a0categoria\u00a0super luxo plano que pode ser composto por at\u00e9 10 (dez) pessoas (incluindo o titular).<br \/>\nPlano Funer\u00e1rio SP<br \/>\n<a href=\"http:\/\/wafuneraria.com.br\/wa\/fale-conosco\/\">Clique para solicitar\u00a0informa\u00e7\u00e3o da mensalidade\u00a0deste plano<\/a>.<\/p>\n<p>&nbsp;<\/p>\n<p><span style=\"color: #8261a3;\"><strong>Confira abaixo os benef\u00edcios do Plano padr\u00e3o SUPER LUXO ORQU\u00cdDEA:<\/strong><\/span><\/p>\n<div class=\"shortcode-unorderedlist star\"><\/p>\n<ul>\n<li>URNA MORTU\u00c1RIA PADR\u00c3O LUXO<\/li>\n<li>ORNAMENTA\u00c7\u00c3O DA URNA COM FLORES NATURAIS<\/li>\n<li>01 COROA DE FLORES<\/li>\n<li>01 ARRANJO FLORAL<\/li>\n<li>V\u00c9U<\/li>\n<li>HIGIENIZA\u00c7\u00c3O DO CORPO<\/li>\n<li>LIBERA\u00c7\u00c3O E DOCUMENTA\u00c7\u00c3O<\/li>\n<li>REMO\u00c7\u00c3O DO LOCAL DO FALECIMENTO AT\u00c9 O VEL\u00d3RIO<\/li>\n<li>CORTEJO (VELORIO AT\u00c9 O SEPULTAMENTO)<\/li>\n<li>KIT CAF\u00c9\/CH\u00c1<\/li>\n<li>RECLAME EM JORNAIS OU R\u00c1DIOS<\/li>\n<li>ASSIST\u00caNCIA \u00c0 FAM\u00cdLIA 24 HORAS<\/li>\n<li>PARAMENTA\u00c7\u00c3O DO VEL\u00d3RIO<\/li>\n<li>TRASLADO DE AT\u00c9 100 KM (IDA E VOLTA)<\/li>\n<\/ul>\n<p><\/div>\n\n<span class=\"shortcode-highlight\"><br \/>\nNO MOMENTO COMERCIAMOS PLANOS DE ASSIST\u00caNCIA FUNER\u00c1RIA APENAS PARA O INTERIOR DE S\u00c3O PAULO<\/span><!--\/.shortcode-highlight-->\n<p><strong>SAIBA MAIS:<\/strong><\/p>\n<p><strong>DA CAR\u00caNCIA<\/strong>: 90(noventa) dias, a partir da assinatura do contrato.<\/p>\n<p><strong>PAGAMENTO<\/strong>: Custo mensal , atrav\u00e9s de Boleto Banc\u00e1rio, que pode ser pago em casas lot\u00e9ricas ou em nossos escrit\u00f3rios.<\/p>\n<p><strong>TAXA DE ADES\u00c3O<\/strong>: Recolhidos no ato da assinatura do contrato.<\/p>\n<p><strong>DOCUMENTOS NECESS\u00c1RIOS<\/strong>: c\u00f3pia do RG,CPF e comprovante de endere\u00e7o do Titular.<\/p>\n<p><strong>REDE DE DESCONTOS:\u00a0<\/strong>\u00a0A WA Funer\u00e1ria oferece ainda a todos os associados dos planos \u2013 todos os padr\u00f5es \u2013 conv\u00eanio para descontos no com\u00e9rcio nas Cidades de Rio Claro e regi\u00e3o.<\/p>\n<p><strong>APOIO AO ASSOCIADO CONVALESCENTE:<\/strong> \u00a0Todos os nossos associados t\u00eam acesso a empr\u00e9stimo de material para convalescentes, ( Muletas, bengalas, andadores, cadeiras de rodas e cadeiras de banho) com per\u00edodo pr\u00e9-definido.<\/p>\n<p><a href=\"http:\/\/wafuneraria.com.br\/wa\/?page_id=115\">Clique aqui <\/a>se precisar de mais informa\u00e7\u00f5es sobre o plano.<\/p>\n<p><a href=\"http:\/\/wafuneraria.com.br\/wa\/?page_id=120\">Clique aqui, preencha o cadastro<\/a> e adquira hoje mesmo pelo site o seu plano de assist\u00eancia funer\u00e1ria WA LUXO\u00a0ORQU\u00cdDEA: o plano na medida certa para as fam\u00edlias de S\u00e3o Paulo.<\/p>\n<a href=\"http:\/\/wafuneraria.com.br\/wa\/?page_id=120\" class=\"woo-sc-button  custom\" style=\"background:;border-color:\"><span class=\"woo-\">ADQUIRA SEU PLANO HOJE MESMO<\/span><\/a>\n","protected":false},"excerpt":{"rendered":"<p>Disponibilizamos servi\u00e7os funer\u00e1rios para S\u00e3o Paulo e traslados para todo o Brasil. Comercializamos planos funer\u00e1rios apenas na cidade de Rio Claro e Regi\u00e3o (SP). O\u00a0Plano de Assist\u00eancia Funer\u00e1ria padr\u00e3o\u00a0SUPER LUXO\u00a0ORQU\u00cdDEA, tem a qualidade \u00a0assegurada pelo Grupo WA\u00a0Funer\u00e1ria: fornecendo atendimento de qualidade e servi\u00e7os funer\u00e1rios completos no momento que a sua fam\u00edlia mais precisa. O plano [&hellip;]<\/p>\n","protected":false},"author":1,"featured_media":251,"parent":49,"menu_order":2,"comment_status":"closed","ping_status":"closed","template":"","meta":{"footnotes":""},"class_list":["post-102","page","type-page","status-publish","has-post-thumbnail","hentry"],"yoast_head":"<!-- This site is optimized with the Yoast SEO plugin v24.2 - https:\/\/yoast.com\/wordpress\/plugins\/seo\/ -->\n<title>Funer\u00e1ria WA - Servi\u00e7os Funer\u00e1rios - S\u00e3o Paulo - Brasil<\/title>\n<meta name=\"description\" content=\"Servi\u00e7os funer\u00e1rios em S\u00e3o Paulo com Planos de Assist\u00eancia Funer\u00e1ria. Prestamos servi\u00e7os funer\u00e1rios de remo\u00e7\u00e3o ou traslados para outras empresas funer\u00e1rias especialmente na Cidade de S\u00e3o Paulo, al\u00e9m de traslados nacionais e internacionais.\" \/>\n<meta name=\"robots\" content=\"index, follow, max-snippet:-1, max-image-preview:large, max-video-preview:-1\" \/>\n<link rel=\"canonical\" href=\"https:\/\/wafuneraria.com.br\/wa\/?page_id=102\" \/>\n<meta property=\"og:locale\" content=\"pt_BR\" \/>\n<meta property=\"og:type\" content=\"article\" \/>\n<meta property=\"og:title\" content=\"Funer\u00e1ria WA - Servi\u00e7os Funer\u00e1rios - S\u00e3o Paulo - Brasil\" \/>\n<meta property=\"og:description\" content=\"Servi\u00e7os funer\u00e1rios em S\u00e3o Paulo com Planos de Assist\u00eancia Funer\u00e1ria. Prestamos servi\u00e7os funer\u00e1rios de remo\u00e7\u00e3o ou traslados para outras empresas funer\u00e1rias especialmente na Cidade de S\u00e3o Paulo, al\u00e9m de traslados nacionais e internacionais.\" \/>\n<meta property=\"og:url\" content=\"https:\/\/wafuneraria.com.br\/wa\/?page_id=102\" \/>\n<meta property=\"og:site_name\" content=\"WA FUNERARIA: parceria em servi\u00e7os funer\u00e1rios em SP.\" \/>\n<meta property=\"article:modified_time\" content=\"2017-05-29T16:01:12+00:00\" \/>\n<meta property=\"og:image\" content=\"https:\/\/wafuneraria.com.br\/wa\/wp-content\/uploads\/2011\/12\/orquidea.jpg\" \/>\n\t<meta property=\"og:image:width\" content=\"300\" \/>\n\t<meta property=\"og:image:height\" content=\"283\" \/>\n\t<meta property=\"og:image:type\" content=\"image\/jpeg\" \/>\n<meta name=\"twitter:label1\" content=\"Est. tempo de leitura\" \/>\n\t<meta name=\"twitter:data1\" content=\"2 minutos\" \/>\n<script type=\"application\/ld+json\" class=\"yoast-schema-graph\">{\"@context\":\"https:\/\/schema.org\",\"@graph\":[{\"@type\":\"WebPage\",\"@id\":\"https:\/\/wafuneraria.com.br\/wa\/?page_id=102\",\"url\":\"https:\/\/wafuneraria.com.br\/wa\/?page_id=102\",\"name\":\"Funer\u00e1ria WA - Servi\u00e7os Funer\u00e1rios - S\u00e3o Paulo - Brasil\",\"isPartOf\":{\"@id\":\"https:\/\/wafuneraria.com.br\/wa\/#website\"},\"primaryImageOfPage\":{\"@id\":\"https:\/\/wafuneraria.com.br\/wa\/?page_id=102#primaryimage\"},\"image\":{\"@id\":\"https:\/\/wafuneraria.com.br\/wa\/?page_id=102#primaryimage\"},\"thumbnailUrl\":\"https:\/\/wafuneraria.com.br\/wa\/wp-content\/uploads\/2011\/12\/orquidea.jpg\",\"datePublished\":\"2011-12-05T23:19:05+00:00\",\"dateModified\":\"2017-05-29T16:01:12+00:00\",\"description\":\"Servi\u00e7os funer\u00e1rios em S\u00e3o Paulo com Planos de Assist\u00eancia Funer\u00e1ria. Prestamos servi\u00e7os funer\u00e1rios de remo\u00e7\u00e3o ou traslados para outras empresas funer\u00e1rias especialmente na Cidade de S\u00e3o Paulo, al\u00e9m de traslados nacionais e internacionais.\",\"breadcrumb\":{\"@id\":\"https:\/\/wafuneraria.com.br\/wa\/?page_id=102#breadcrumb\"},\"inLanguage\":\"pt-BR\",\"potentialAction\":[{\"@type\":\"ReadAction\",\"target\":[\"https:\/\/wafuneraria.com.br\/wa\/?page_id=102\"]}]},{\"@type\":\"ImageObject\",\"inLanguage\":\"pt-BR\",\"@id\":\"https:\/\/wafuneraria.com.br\/wa\/?page_id=102#primaryimage\",\"url\":\"https:\/\/wafuneraria.com.br\/wa\/wp-content\/uploads\/2011\/12\/orquidea.jpg\",\"contentUrl\":\"https:\/\/wafuneraria.com.br\/wa\/wp-content\/uploads\/2011\/12\/orquidea.jpg\",\"width\":\"300\",\"height\":\"283\"},{\"@type\":\"BreadcrumbList\",\"@id\":\"https:\/\/wafuneraria.com.br\/wa\/?page_id=102#breadcrumb\",\"itemListElement\":[{\"@type\":\"ListItem\",\"position\":1,\"name\":\"Home\",\"item\":\"https:\/\/wafuneraria.com.br\/wa\"},{\"@type\":\"ListItem\",\"position\":2,\"name\":\"Planos\",\"item\":\"https:\/\/wafuneraria.com.br\/wa\/?page_id=49\"},{\"@type\":\"ListItem\",\"position\":3,\"name\":\"Super Luxo &#8211; Orqu\u00eddea\"}]},{\"@type\":\"WebSite\",\"@id\":\"https:\/\/wafuneraria.com.br\/wa\/#website\",\"url\":\"https:\/\/wafuneraria.com.br\/wa\/\",\"name\":\"WA FUNERARIA: parceria em servi\u00e7os funer\u00e1rios em SP.\",\"description\":\"Empresa de Servi\u00e7os Funer\u00e1rios - SP - BRAZIL\",\"potentialAction\":[{\"@type\":\"SearchAction\",\"target\":{\"@type\":\"EntryPoint\",\"urlTemplate\":\"https:\/\/wafuneraria.com.br\/wa\/?s={search_term_string}\"},\"query-input\":{\"@type\":\"PropertyValueSpecification\",\"valueRequired\":true,\"valueName\":\"search_term_string\"}}],\"inLanguage\":\"pt-BR\"}]}<\/script>\n<!-- \/ Yoast SEO plugin. -->","yoast_head_json":{"title":"Funer\u00e1ria WA - Servi\u00e7os Funer\u00e1rios - S\u00e3o Paulo - Brasil","description":"Servi\u00e7os funer\u00e1rios em S\u00e3o Paulo com Planos de Assist\u00eancia Funer\u00e1ria. Prestamos servi\u00e7os funer\u00e1rios de remo\u00e7\u00e3o ou traslados para outras empresas funer\u00e1rias especialmente na Cidade de S\u00e3o Paulo, al\u00e9m de traslados nacionais e internacionais.","robots":{"index":"index","follow":"follow","max-snippet":"max-snippet:-1","max-image-preview":"max-image-preview:large","max-video-preview":"max-video-preview:-1"},"canonical":"https:\/\/wafuneraria.com.br\/wa\/?page_id=102","og_locale":"pt_BR","og_type":"article","og_title":"Funer\u00e1ria WA - Servi\u00e7os Funer\u00e1rios - S\u00e3o Paulo - Brasil","og_description":"Servi\u00e7os funer\u00e1rios em S\u00e3o Paulo com Planos de Assist\u00eancia Funer\u00e1ria. Prestamos servi\u00e7os funer\u00e1rios de remo\u00e7\u00e3o ou traslados para outras empresas funer\u00e1rias especialmente na Cidade de S\u00e3o Paulo, al\u00e9m de traslados nacionais e internacionais.","og_url":"https:\/\/wafuneraria.com.br\/wa\/?page_id=102","og_site_name":"WA FUNERARIA: parceria em servi\u00e7os funer\u00e1rios em SP.","article_modified_time":"2017-05-29T16:01:12+00:00","og_image":[{"width":300,"height":283,"url":"https:\/\/wafuneraria.com.br\/wa\/wp-content\/uploads\/2011\/12\/orquidea.jpg","type":"image\/jpeg"}],"twitter_misc":{"Est. tempo de leitura":"2 minutos"},"schema":{"@context":"https:\/\/schema.org","@graph":[{"@type":"WebPage","@id":"https:\/\/wafuneraria.com.br\/wa\/?page_id=102","url":"https:\/\/wafuneraria.com.br\/wa\/?page_id=102","name":"Funer\u00e1ria WA - Servi\u00e7os Funer\u00e1rios - S\u00e3o Paulo - Brasil","isPartOf":{"@id":"https:\/\/wafuneraria.com.br\/wa\/#website"},"primaryImageOfPage":{"@id":"https:\/\/wafuneraria.com.br\/wa\/?page_id=102#primaryimage"},"image":{"@id":"https:\/\/wafuneraria.com.br\/wa\/?page_id=102#primaryimage"},"thumbnailUrl":"https:\/\/wafuneraria.com.br\/wa\/wp-content\/uploads\/2011\/12\/orquidea.jpg","datePublished":"2011-12-05T23:19:05+00:00","dateModified":"2017-05-29T16:01:12+00:00","description":"Servi\u00e7os funer\u00e1rios em S\u00e3o Paulo com Planos de Assist\u00eancia Funer\u00e1ria. Prestamos servi\u00e7os funer\u00e1rios de remo\u00e7\u00e3o ou traslados para outras empresas funer\u00e1rias especialmente na Cidade de S\u00e3o Paulo, al\u00e9m de traslados nacionais e internacionais.","breadcrumb":{"@id":"https:\/\/wafuneraria.com.br\/wa\/?page_id=102#breadcrumb"},"inLanguage":"pt-BR","potentialAction":[{"@type":"ReadAction","target":["https:\/\/wafuneraria.com.br\/wa\/?page_id=102"]}]},{"@type":"ImageObject","inLanguage":"pt-BR","@id":"https:\/\/wafuneraria.com.br\/wa\/?page_id=102#primaryimage","url":"https:\/\/wafuneraria.com.br\/wa\/wp-content\/uploads\/2011\/12\/orquidea.jpg","contentUrl":"https:\/\/wafuneraria.com.br\/wa\/wp-content\/uploads\/2011\/12\/orquidea.jpg","width":"300","height":"283"},{"@type":"BreadcrumbList","@id":"https:\/\/wafuneraria.com.br\/wa\/?page_id=102#breadcrumb","itemListElement":[{"@type":"ListItem","position":1,"name":"Home","item":"https:\/\/wafuneraria.com.br\/wa"},{"@type":"ListItem","position":2,"name":"Planos","item":"https:\/\/wafuneraria.com.br\/wa\/?page_id=49"},{"@type":"ListItem","position":3,"name":"Super Luxo &#8211; Orqu\u00eddea"}]},{"@type":"WebSite","@id":"https:\/\/wafuneraria.com.br\/wa\/#website","url":"https:\/\/wafuneraria.com.br\/wa\/","name":"WA FUNERARIA: parceria em servi\u00e7os funer\u00e1rios em SP.","description":"Empresa de Servi\u00e7os Funer\u00e1rios - SP - BRAZIL","potentialAction":[{"@type":"SearchAction","target":{"@type":"EntryPoint","urlTemplate":"https:\/\/wafuneraria.com.br\/wa\/?s={search_term_string}"},"query-input":{"@type":"PropertyValueSpecification","valueRequired":true,"valueName":"search_term_string"}}],"inLanguage":"pt-BR"}]}},"_links":{"self":[{"href":"https:\/\/wafuneraria.com.br\/wa\/index.php?rest_route=\/wp\/v2\/pages\/102","targetHints":{"allow":["GET"]}}],"collection":[{"href":"https:\/\/wafuneraria.com.br\/wa\/index.php?rest_route=\/wp\/v2\/pages"}],"about":[{"href":"https:\/\/wafuneraria.com.br\/wa\/index.php?rest_route=\/wp\/v2\/types\/page"}],"author":[{"embeddable":true,"href":"https:\/\/wafuneraria.com.br\/wa\/index.php?rest_route=\/wp\/v2\/users\/1"}],"replies":[{"embeddable":true,"href":"https:\/\/wafuneraria.com.br\/wa\/index.php?rest_route=%2Fwp%2Fv2%2Fcomments&post=102"}],"version-history":[{"count":30,"href":"https:\/\/wafuneraria.com.br\/wa\/index.php?rest_route=\/wp\/v2\/pages\/102\/revisions"}],"predecessor-version":[{"id":2201,"href":"https:\/\/wafuneraria.com.br\/wa\/index.php?rest_route=\/wp\/v2\/pages\/102\/revisions\/2201"}],"up":[{"embeddable":true,"href":"https:\/\/wafuneraria.com.br\/wa\/index.php?rest_route=\/wp\/v2\/pages\/49"}],"wp:featuredmedia":[{"embeddable":true,"href":"https:\/\/wafuneraria.com.br\/wa\/index.php?rest_route=\/wp\/v2\/media\/251"}],"wp:attachment":[{"href":"https:\/\/wafuneraria.com.br\/wa\/index.php?rest_route=%2Fwp%2Fv2%2Fmedia&parent=102"}],"curies":[{"name":"wp","href":"https:\/\/api.w.org\/{rel}","templated":true}]}}